{"id":273,"date":"2015-12-08T21:33:44","date_gmt":"2015-12-08T21:33:44","guid":{"rendered":"http:\/\/999millas.net\/?page_id=273"},"modified":"2017-11-26T17:20:51","modified_gmt":"2017-11-26T17:20:51","slug":"apps-utiles","status":"publish","type":"page","link":"https:\/\/999millas.net\/es\/preparar-una-vuelta-al-mundo\/apps-utiles\/","title":{"rendered":"Apps \u00fatiles"},"content":{"rendered":"<p>Apps \u00fatiles para viajar o simplemente divertidas :<\/p>\n<p><span style=\"color: #ff0000;\">ORIENTACION<\/span><\/p>\n<p>1.- <span style=\"color: #ff6600;\">Maps.me<\/span> : como el Google Maps y tambi\u00e9n funciona off line<\/p>\n<p>2.- <span style=\"color: #ff6600;\">Wikiloc<\/span> : Busca (o graba) tus rutas de senderismo<\/p>\n<p>3.- <span style=\"color: #ff6600;\">Commander Compass<\/span> : M\u00e1s que una br\u00fajula , con GPS , mapas , girocompas&#8230;. &#8211;<\/p>\n<p><span style=\"color: #ff0000;\">ALOJAMIENTO<\/span><\/p>\n<p>1.- <span style=\"color: #ff6600;\">Couchsurfing<\/span> : ! Entra en nuestra comunidad de viajeros desinteresados ! Convive con gente local en su casa de manera totalmente gratuita &#8211;<\/p>\n<p>2.- <span style=\"color: #ff6600;\">AirBnb<\/span> : No necesita presentaci\u00f3n<\/p>\n<p>3.- <span style=\"color: #ff6600;\">Hostel World<\/span> : Mi \u00faltima opci\u00f3n , pero siempre \u00fatil<\/p>\n<p><span style=\"color: #ff0000;\">GUIAS OFFLINE<\/span><\/p>\n<p>1.- <span style=\"color: #ff6600;\">Lonely Planet<\/span> : Muy completas y&#8230;.de momento gratis<\/p>\n<p>2.- <span style=\"color: #ff6600;\">Time Out<\/span> : Buena para encontrar restaurantes , bares etc<\/p>\n<p>MENSAJERIA INSTANTANEA<\/p>\n<p>1.- <span style=\"color: #ff6600;\">Kakao Talk<\/span> : el Whatsapp de Corea del Sur<\/p>\n<p>2.- <span style=\"color: #ff6600;\">Telegram<\/span> : lo mismo para Jap\u00f3n<\/p>\n<p><span style=\"color: #ff0000;\">MISCELANEA<\/span><\/p>\n<p>1.- <span style=\"color: #ff6600;\">Around Me<\/span> : Donde habr\u00e1 cerca un supermercado , una farmacia&#8230;.? &#8211;<\/p>\n<p>2.- <span style=\"color: #ff6600;\">Traductor de Google<\/span> : Aun con todas sus ineficiencias siempre va bien tenerlo a mano&#8230;<\/p>\n<p>3.- <span style=\"color: #ff6600;\">Xe Currency<\/span> : Para calcular los tipos de cambio de moneda<\/p>\n<p>4.- <span style=\"color: #ff6600;\">Can i eat it<\/span> : Muy graciosa , para est\u00f3magos sensibles &#8211; <a href=\"http:\/\/canieatit.co.uk\/\">http:\/\/canieatit.co.uk\/<\/a><\/p>\n<p>5.- <span style=\"color: #ff6600;\">Uber<\/span> : Empieza a usarse con fuerza en el Sudeste de Asia y en la India<\/p>\n<p>6.- <span style=\"color: #ff6600;\">Snapp<\/span> : Igual que Uber pero en Ir\u00e1n , y all\u00ed s\u00f3lo en las ciudades grandes<\/p>\n<p>7.- <span style=\"color: #ff6600;\">CheckMyTrip<\/span> : Ten controlados tus billetes de avi\u00f3n<\/p>\n<p>8.- <span style=\"color: #ff6600;\">Onavo Extend<\/span> : Optimiza tu tr\u00e1fico de datos<\/p>\n<p>9.- <span style=\"color: #ff6600;\">Showaround<\/span> &#8211; Los nativos te ense\u00f1an su ciudad , bien gratis o bien pagando<\/p>\n<p><span style=\"color: #ff0000;\">ESPECIALES PARA CHINA<\/span><\/p>\n<p>1.- <span style=\"color: #ff6600;\">Easy VPN<\/span> : S\u00ed , por fin puedes usar Google , Facebook , Instagram etc gracias a esta app<\/p>\n<p>2.- <span style=\"color: #ff6600;\">Ctrip<\/span> : Una de las app m\u00e1s importantes de China para buscar trenes , hoteles etc<\/p>\n<p><span style=\"color: #ff0000;\">ESPECIALES PARA NUEZA ZELANDA : DE CAMPING !<\/span><\/p>\n<p>1.- <span style=\"color: #ff6600;\">Camping NZ<\/span><\/p>\n<p>2.- <span style=\"color: #ff6600;\">CamperMate<\/span><\/p>\n<p>&nbsp;<\/p>\n","protected":false},"excerpt":{"rendered":"<p>Apps \u00fatiles para viajar o simplemente divertidas : ORIENTACION 1.- Maps.me : como el Google Maps y tambi\u00e9n funciona off line 2.- Wikiloc : Busca (o graba) tus rutas de senderismo 3.- Commander Compass : M\u00e1s que una br\u00fajula , con GPS , mapas , girocompas&#8230;. &#8211; ALOJAMIENTO 1.- Couchsurfing : ! Entra en nuestra [&hellip;]<\/p>\n","protected":false},"author":1,"featured_media":0,"parent":263,"menu_order":0,"comment_status":"closed","ping_status":"closed","template":"","meta":{"jetpack_post_was_ever_published":false,"footnotes":""},"class_list":["post-273","page","type-page","status-publish","hentry"],"yoast_head":"<!-- This site is optimized with the Yoast SEO plugin v27.2 - https:\/\/yoast.com\/product\/yoast-seo-wordpress\/ -->\n<title>Apps \u00fatiles - 999 Millas<\/title>\n<meta name=\"robots\" content=\"index, follow, max-snippet:-1, max-image-preview:large, max-video-preview:-1\" \/>\n<link rel=\"canonical\" href=\"https:\/\/999millas.net\/es\/preparar-una-vuelta-al-mundo\/apps-utiles\/\" \/>\n<meta property=\"og:locale\" content=\"es_ES\" \/>\n<meta property=\"og:type\" content=\"article\" \/>\n<meta property=\"og:title\" content=\"Apps \u00fatiles - 999 Millas\" \/>\n<meta property=\"og:description\" content=\"Apps \u00fatiles para viajar o simplemente divertidas : ORIENTACION 1.- Maps.me : como el Google Maps y tambi\u00e9n funciona off line 2.- Wikiloc : Busca (o graba) tus rutas de senderismo 3.- Commander Compass : M\u00e1s que una br\u00fajula , con GPS , mapas , girocompas&#8230;. &#8211; ALOJAMIENTO 1.- Couchsurfing : ! Entra en nuestra [&hellip;]\" \/>\n<meta property=\"og:url\" content=\"https:\/\/999millas.net\/es\/preparar-una-vuelta-al-mundo\/apps-utiles\/\" \/>\n<meta property=\"og:site_name\" content=\"999 Millas\" \/>\n<meta property=\"article:modified_time\" content=\"2017-11-26T17:20:51+00:00\" \/>\n<meta name=\"twitter:card\" content=\"summary_large_image\" \/>\n<meta name=\"twitter:site\" content=\"@999millas\" \/>\n<meta name=\"twitter:label1\" content=\"Tiempo de lectura\" \/>\n\t<meta name=\"twitter:data1\" content=\"1 minuto\" \/>\n<script type=\"application\/ld+json\" class=\"yoast-schema-graph\">{\"@context\":\"https:\/\/schema.org\",\"@graph\":[{\"@type\":\"WebPage\",\"@id\":\"https:\/\/999millas.net\/preparar-una-vuelta-al-mundo\/apps-utiles\/\",\"url\":\"https:\/\/999millas.net\/preparar-una-vuelta-al-mundo\/apps-utiles\/\",\"name\":\"Apps \u00fatiles - 999 Millas\",\"isPartOf\":{\"@id\":\"https:\/\/999millas.net\/#website\"},\"datePublished\":\"2015-12-08T21:33:44+00:00\",\"dateModified\":\"2017-11-26T17:20:51+00:00\",\"breadcrumb\":{\"@id\":\"https:\/\/999millas.net\/preparar-una-vuelta-al-mundo\/apps-utiles\/#breadcrumb\"},\"inLanguage\":\"es\",\"potentialAction\":[{\"@type\":\"ReadAction\",\"target\":[\"https:\/\/999millas.net\/preparar-una-vuelta-al-mundo\/apps-utiles\/\"]}]},{\"@type\":\"BreadcrumbList\",\"@id\":\"https:\/\/999millas.net\/preparar-una-vuelta-al-mundo\/apps-utiles\/#breadcrumb\",\"itemListElement\":[{\"@type\":\"ListItem\",\"position\":1,\"name\":\"Home\",\"item\":\"https:\/\/999millas.net\/\"},{\"@type\":\"ListItem\",\"position\":2,\"name\":\"Preparar una Vuelta al Mundo\",\"item\":\"https:\/\/999millas.net\/preparar-una-vuelta-al-mundo\/\"},{\"@type\":\"ListItem\",\"position\":3,\"name\":\"Apps \u00fatiles\"}]},{\"@type\":\"WebSite\",\"@id\":\"https:\/\/999millas.net\/#website\",\"url\":\"https:\/\/999millas.net\/\",\"name\":\"999 Millas\",\"description\":\"La Vuelta al Mundo en Low Cost\",\"publisher\":{\"@id\":\"https:\/\/999millas.net\/#\/schema\/person\/b524a24b59fab0e7a10b430add8f04e4\"},\"potentialAction\":[{\"@type\":\"SearchAction\",\"target\":{\"@type\":\"EntryPoint\",\"urlTemplate\":\"https:\/\/999millas.net\/?s={search_term_string}\"},\"query-input\":{\"@type\":\"PropertyValueSpecification\",\"valueRequired\":true,\"valueName\":\"search_term_string\"}}],\"inLanguage\":\"es\"},{\"@type\":[\"Person\",\"Organization\"],\"@id\":\"https:\/\/999millas.net\/#\/schema\/person\/b524a24b59fab0e7a10b430add8f04e4\",\"name\":\"Mike !\",\"image\":{\"@type\":\"ImageObject\",\"inLanguage\":\"es\",\"@id\":\"https:\/\/i0.wp.com\/999millas.net\/wp-content\/uploads\/2025\/03\/Logo-4.png?fit=172%2C209&ssl=1\",\"url\":\"https:\/\/i0.wp.com\/999millas.net\/wp-content\/uploads\/2025\/03\/Logo-4.png?fit=172%2C209&ssl=1\",\"contentUrl\":\"https:\/\/i0.wp.com\/999millas.net\/wp-content\/uploads\/2025\/03\/Logo-4.png?fit=172%2C209&ssl=1\",\"width\":172,\"height\":209,\"caption\":\"Mike !\"},\"logo\":{\"@id\":\"https:\/\/i0.wp.com\/999millas.net\/wp-content\/uploads\/2025\/03\/Logo-4.png?fit=172%2C209&ssl=1\"},\"sameAs\":[\"999millas\",\"https:\/\/x.com\/999millas\"]}]}<\/script>\n<!-- \/ Yoast SEO plugin. -->","yoast_head_json":{"title":"Apps \u00fatiles - 999 Millas","robots":{"index":"index","follow":"follow","max-snippet":"max-snippet:-1","max-image-preview":"max-image-preview:large","max-video-preview":"max-video-preview:-1"},"canonical":"https:\/\/999millas.net\/es\/preparar-una-vuelta-al-mundo\/apps-utiles\/","og_locale":"es_ES","og_type":"article","og_title":"Apps \u00fatiles - 999 Millas","og_description":"Apps \u00fatiles para viajar o simplemente divertidas : ORIENTACION 1.- Maps.me : como el Google Maps y tambi\u00e9n funciona off line 2.- Wikiloc : Busca (o graba) tus rutas de senderismo 3.- Commander Compass : M\u00e1s que una br\u00fajula , con GPS , mapas , girocompas&#8230;. &#8211; ALOJAMIENTO 1.- Couchsurfing : ! Entra en nuestra [&hellip;]","og_url":"https:\/\/999millas.net\/es\/preparar-una-vuelta-al-mundo\/apps-utiles\/","og_site_name":"999 Millas","article_modified_time":"2017-11-26T17:20:51+00:00","twitter_card":"summary_large_image","twitter_site":"@999millas","twitter_misc":{"Tiempo de lectura":"1 minuto"},"schema":{"@context":"https:\/\/schema.org","@graph":[{"@type":"WebPage","@id":"https:\/\/999millas.net\/preparar-una-vuelta-al-mundo\/apps-utiles\/","url":"https:\/\/999millas.net\/preparar-una-vuelta-al-mundo\/apps-utiles\/","name":"Apps \u00fatiles - 999 Millas","isPartOf":{"@id":"https:\/\/999millas.net\/#website"},"datePublished":"2015-12-08T21:33:44+00:00","dateModified":"2017-11-26T17:20:51+00:00","breadcrumb":{"@id":"https:\/\/999millas.net\/preparar-una-vuelta-al-mundo\/apps-utiles\/#breadcrumb"},"inLanguage":"es","potentialAction":[{"@type":"ReadAction","target":["https:\/\/999millas.net\/preparar-una-vuelta-al-mundo\/apps-utiles\/"]}]},{"@type":"BreadcrumbList","@id":"https:\/\/999millas.net\/preparar-una-vuelta-al-mundo\/apps-utiles\/#breadcrumb","itemListElement":[{"@type":"ListItem","position":1,"name":"Home","item":"https:\/\/999millas.net\/"},{"@type":"ListItem","position":2,"name":"Preparar una Vuelta al Mundo","item":"https:\/\/999millas.net\/preparar-una-vuelta-al-mundo\/"},{"@type":"ListItem","position":3,"name":"Apps \u00fatiles"}]},{"@type":"WebSite","@id":"https:\/\/999millas.net\/#website","url":"https:\/\/999millas.net\/","name":"999 Millas","description":"La Vuelta al Mundo en Low Cost","publisher":{"@id":"https:\/\/999millas.net\/#\/schema\/person\/b524a24b59fab0e7a10b430add8f04e4"},"potentialAction":[{"@type":"SearchAction","target":{"@type":"EntryPoint","urlTemplate":"https:\/\/999millas.net\/?s={search_term_string}"},"query-input":{"@type":"PropertyValueSpecification","valueRequired":true,"valueName":"search_term_string"}}],"inLanguage":"es"},{"@type":["Person","Organization"],"@id":"https:\/\/999millas.net\/#\/schema\/person\/b524a24b59fab0e7a10b430add8f04e4","name":"Mike !","image":{"@type":"ImageObject","inLanguage":"es","@id":"https:\/\/i0.wp.com\/999millas.net\/wp-content\/uploads\/2025\/03\/Logo-4.png?fit=172%2C209&ssl=1","url":"https:\/\/i0.wp.com\/999millas.net\/wp-content\/uploads\/2025\/03\/Logo-4.png?fit=172%2C209&ssl=1","contentUrl":"https:\/\/i0.wp.com\/999millas.net\/wp-content\/uploads\/2025\/03\/Logo-4.png?fit=172%2C209&ssl=1","width":172,"height":209,"caption":"Mike !"},"logo":{"@id":"https:\/\/i0.wp.com\/999millas.net\/wp-content\/uploads\/2025\/03\/Logo-4.png?fit=172%2C209&ssl=1"},"sameAs":["999millas","https:\/\/x.com\/999millas"]}]}},"jetpack_sharing_enabled":true,"jetpack_shortlink":"https:\/\/wp.me\/P6SJpy-4p","jetpack-related-posts":[{"id":4,"url":"https:\/\/999millas.net\/es\/about-me\/","url_meta":{"origin":273,"position":0},"title":"Sobre m\u00ed","author":"Mike !","date":"octubre 25, 2015","format":false,"excerpt":"\u00a0\u00bfPorqu\u00e9 dar la vuelta al mundo en plan low cost? Por dinero, esa es la respuesta sencilla. Pero hay m\u00e1s. Viajar en low cost multiplica tus posibilidades de vivir aventuras, conocer la cultura y a la gente local y llevarte a casa recuerdos imborrables que viajando en un tour no\u2026","rel":"","context":"Entrada similar","block_context":{"text":"Entrada similar","link":""},"img":{"alt_text":"","src":"https:\/\/i0.wp.com\/999millas.net\/wp-content\/uploads\/2025\/01\/yo-con-ninos.jpg?resize=350%2C200&ssl=1","width":350,"height":200,"srcset":"https:\/\/i0.wp.com\/999millas.net\/wp-content\/uploads\/2025\/01\/yo-con-ninos.jpg?resize=350%2C200&ssl=1 1x, https:\/\/i0.wp.com\/999millas.net\/wp-content\/uploads\/2025\/01\/yo-con-ninos.jpg?resize=525%2C300&ssl=1 1.5x, https:\/\/i0.wp.com\/999millas.net\/wp-content\/uploads\/2025\/01\/yo-con-ninos.jpg?resize=700%2C400&ssl=1 2x"},"classes":[]},{"id":1233,"url":"https:\/\/999millas.net\/es\/preparar-una-vuelta-al-mundo\/mi-equipo\/","url_meta":{"origin":273,"position":1},"title":"Mi equipo","author":"Mike !","date":"noviembre 15, 2016","format":false,"excerpt":"Cuando voy a estar 11-12 meses recorriendo el mundo sin pasar por casa...\u00bfqu\u00e9 debo llevarme? Esta es la descripci\u00f3n del equipo que voy a llevar en mi segunda vuelta al mundo ; respecto de la primera s\u00f3lo he a\u00f1adido algunas cosas para camping\/trekking\u00a0 : MOCHILA GRANDE : +-13 Kg 1.-\u2026","rel":"","context":"Entrada similar","block_context":{"text":"Entrada similar","link":""},"img":{"alt_text":"","src":"https:\/\/i0.wp.com\/999millas.net\/wp-content\/uploads\/2016\/11\/IMG_0281.jpg?fit=1200%2C896&ssl=1&resize=350%2C200","width":350,"height":200,"srcset":"https:\/\/i0.wp.com\/999millas.net\/wp-content\/uploads\/2016\/11\/IMG_0281.jpg?fit=1200%2C896&ssl=1&resize=350%2C200 1x, https:\/\/i0.wp.com\/999millas.net\/wp-content\/uploads\/2016\/11\/IMG_0281.jpg?fit=1200%2C896&ssl=1&resize=525%2C300 1.5x, https:\/\/i0.wp.com\/999millas.net\/wp-content\/uploads\/2016\/11\/IMG_0281.jpg?fit=1200%2C896&ssl=1&resize=700%2C400 2x, https:\/\/i0.wp.com\/999millas.net\/wp-content\/uploads\/2016\/11\/IMG_0281.jpg?fit=1200%2C896&ssl=1&resize=1050%2C600 3x"},"classes":[]},{"id":266,"url":"https:\/\/999millas.net\/es\/preparar-una-vuelta-al-mundo\/billete-de-avion-round-the-world\/","url_meta":{"origin":273,"position":2},"title":"Billetes de avi\u00f3n Round-The-World","author":"Mike !","date":"diciembre 8, 2015","format":false,"excerpt":"Quieres sacar un billete de avion round-the-world y no sabes por donde empezar...no pasa nada, aqu\u00ed estoy yo :) Hay dos maneras de sacar un vuelo-alrededor-del-mundo (en ingles , RTW ticket): directamente a trav\u00e9s de una compa\u00f1\u00eda a\u00e9rea o a trav\u00e9s de una agencia especializada. Aqu\u00ed os comentar\u00e9 mi experiencia\u2026","rel":"","context":"Entrada similar","block_context":{"text":"Entrada similar","link":""},"img":{"alt_text":"","src":"","width":0,"height":0},"classes":[]},{"id":293,"url":"https:\/\/999millas.net\/es\/preparar-una-vuelta-al-mundo\/preparativos\/","url_meta":{"origin":273,"position":3},"title":"Preparativos","author":"Mike !","date":"diciembre 16, 2015","format":false,"excerpt":"Preparativos para dejarlo todo e irnos de viaje...no es f\u00e1cil organizarse para dejar todo arreglado para tu salida (y para tu vuelta). Aqu\u00ed os dejo algunos consejos IMPUESTOS Y BANCOS Aunque t\u00fa te olvides de Hacienda y de los bancos en tu viaje , estos no se van a olvidar\u2026","rel":"","context":"Entrada similar","block_context":{"text":"Entrada similar","link":""},"img":{"alt_text":"","src":"","width":0,"height":0},"classes":[]}],"_links":{"self":[{"href":"https:\/\/999millas.net\/es\/wp-json\/wp\/v2\/pages\/273","targetHints":{"allow":["GET"]}}],"collection":[{"href":"https:\/\/999millas.net\/es\/wp-json\/wp\/v2\/pages"}],"about":[{"href":"https:\/\/999millas.net\/es\/wp-json\/wp\/v2\/types\/page"}],"author":[{"embeddable":true,"href":"https:\/\/999millas.net\/es\/wp-json\/wp\/v2\/users\/1"}],"replies":[{"embeddable":true,"href":"https:\/\/999millas.net\/es\/wp-json\/wp\/v2\/comments?post=273"}],"version-history":[{"count":0,"href":"https:\/\/999millas.net\/es\/wp-json\/wp\/v2\/pages\/273\/revisions"}],"up":[{"embeddable":true,"href":"https:\/\/999millas.net\/es\/wp-json\/wp\/v2\/pages\/263"}],"wp:attachment":[{"href":"https:\/\/999millas.net\/es\/wp-json\/wp\/v2\/media?parent=273"}],"curies":[{"name":"wp","href":"https:\/\/api.w.org\/{rel}","templated":true}]}}