{"id":266,"date":"2015-12-08T17:24:25","date_gmt":"2015-12-08T17:24:25","guid":{"rendered":"http:\/\/999millas.net\/?page_id=266"},"modified":"2020-02-18T16:25:41","modified_gmt":"2020-02-18T16:25:41","slug":"billete-de-avion-round-the-world","status":"publish","type":"page","link":"https:\/\/999millas.net\/es\/preparar-una-vuelta-al-mundo\/billete-de-avion-round-the-world\/","title":{"rendered":"Billetes de avi\u00f3n Round-The-World"},"content":{"rendered":"<p>Quieres sacar un billete de avion round-the-world y no sabes por donde empezar&#8230;no pasa nada, aqu\u00ed estoy yo \ud83d\ude42<\/p>\n<p>Hay dos maneras de sacar un vuelo-alrededor-del-mundo (en ingles , RTW ticket): directamente a trav\u00e9s de una compa\u00f1\u00eda a\u00e9rea o a trav\u00e9s de una agencia especializada.<\/p>\n<p>Aqu\u00ed os comentar\u00e9 mi experiencia cuando saqu\u00e9 el m\u00edo en diciembre 2015 y qu\u00e9 m\u00e9todo considero m\u00e1s rentable.<\/p>\n<p><span style=\"font-size: 20pt; color: #ff0000;\">COMPA\u00d1IAS AEREAS<\/span><\/p>\n<p>Hay dos grandes conglomerados de compa\u00f1\u00edas a\u00e9reas: OneWorld y Star Alliance<\/p>\n<p>OneWorld est\u00e1 formado por las compa\u00f1\u00edas descritas en este enlace : <a href=\"https:\/\/es.oneworld.com\/member-airlines\/overview\">https:\/\/es.oneworld.com\/member-airlines\/overview<\/a><\/p>\n<p>Y estos son los miembros de Star Alliance : <a href=\"http:\/\/www.staralliance.com\/es\/member-airlines\">http:\/\/www.staralliance.com\/es\/member-airlines<\/a><\/p>\n<p><strong><span style=\"color: #00ff00;\">ONEWORLD<\/span><\/strong> tiene tres sistemas para sacar un RTW ticket : OneWorld Explorer, Global Explorer y Circle Pacific<\/p>\n<p><span style=\"color: #0000ff;\">1.- OneWorld Explorer<\/span><\/p>\n<p><a href=\"https:\/\/rtw.oneworld.com\/rtw\/\">https:\/\/rtw.oneworld.com\/rtw\/<\/a><\/p>\n<p><span style=\"text-decoration: underline;\">1.a)\u00a0 La teor\u00eda<\/span><\/p>\n<p>Para explicarlo brevemente se basa en dividir el mundo en 6 continentes (m\u00ednimo 3 en el Hemisferio Norte) y recorrerlo todo de este a oeste o viceversa, pero sin poder volver hacia atr\u00e1s.<\/p>\n<p>Dentro de cada continente puedes coger 4 segmentos , con un m\u00e1ximo de 16.<\/p>\n<p>\u201cSegmento\u201d no es lo mismo que \u201cvuelo\u201d, si coges un vuelo con escala te cuenta como 2 segmentos. Si haces una parte de tu trayecto por tierra tambi\u00e9n es un segmento.<\/p>\n<p>Ejemplo 1 : Vuelo Delhi \u2013 Estambul.<br \/>\nEl trayecto es Delhi-Doha-Estambul, con lo que es un vuelo, pero te cuenta como dos segmentos.<br \/>\nEjemplo 2 : Llegas a Sudamerica por Bogot\u00e1 y quieres ir en coche hasta Santiago de Chile , donde parte tu siguiente vuelo. Aunque no cojas un vuelo Bogot\u00e1-Santiago te cuenta como un segmento.<\/p>\n<p>Puedes dejar las fechas de los billetes ya cerradas (en cuyo caso puedes contratarlo y pagar directamente online) o abiertas.<\/p>\n<p>Esta es una explicaci\u00f3n muy burda y en realidad es algo m\u00e1s complicado, pero os hac\u00e9is a la idea&#8230;.<\/p>\n<p>Lo mejor de este sistema es que tiene una herramienta de planificaci\u00f3n de ruta que te facilita enormemente la tarea de entender c\u00f3mo funciona y de sacar el billete.<\/p>\n<p>! Aviso !: Siempre hay que leer las condiciones generales de contrataci\u00f3n para evitar sorpresas posteriores (en este caso al final donde pone \u201cTerminos y Condiciones\u201d)<\/p>\n<p><span style=\"text-decoration: underline;\">1.b)\u00a0 La pr\u00e1ctica<\/span><\/p>\n<p>Vamos a ver c\u00f3mo funcion\u00f3 en mi caso.<\/p>\n<p><span style=\"text-decoration: underline;\">Ruta<\/span> : Bogota-Santiago de Chile-Sydney-Jakarta-Kuala Lumpur-Hong Kong-Delhi-Estambul-Madrid en un plazo total de 11 meses.<br \/>\n<span style=\"text-decoration: underline;\">Coste<\/span> : 3457 eur<br \/>\n<span style=\"text-decoration: underline;\">Pago<\/span>: la web , un desastre. A la hora de ir a pagar no me admit\u00eda ninguna tarjeta de cr\u00e9dito as\u00ed que tuve que ir a una oficina de Iberia donde me atendieron perfectamente y me sali\u00f3 por el mismo precio.<\/p>\n<p><span style=\"color: #0000ff;\">2.- Global Explorer<\/span><\/p>\n<p><span style=\"text-decoration: underline;\">2.a) Teor\u00eda<\/span><\/p>\n<p><a href=\"https:\/\/es.oneworld.com\/-kc9v\/viajes-por-el-mundo\">https:\/\/es.oneworld.com\/-kc9v\/viajes-por-el-mundo<\/a><\/p>\n<p>Funciona por millas : tantas millas recorridas, tanto pagas y hay 4 escalones: 26.000 , 29.000, 34.000 y 39.000 millas.<\/p>\n<p>Que yo sepa no te deja pagar directamente v\u00eda web sino que tienes que ir a una oficina de las compa\u00f1\u00edas afiliadas.<\/p>\n<p><span style=\"text-decoration: underline;\">2.b) La pr\u00e1ctica<\/span><\/p>\n<p>Bien , mi itinerario es de 26274 millas.<\/p>\n<p>Aprovechando que en la oficina de Iberia ya me conoc\u00edan (fui muy pesado y estuve varias veces para preguntar precios) pregunte as\u00ed al azar por relaci\u00f3n precios\/millas , jugando un poco con el n\u00famero de millas&#8230;<\/p>\n<p>Los precios que me daban :<\/p>\n<p>Para el primer escal\u00f3n (26000-29000 millas) unos 3600 eur<br \/>\nPara el segundo (29000 \u2013 34000 millas) unos 4200 eur<br \/>\nPara el tercero (34000-39000 millas) unos 5600 eur<\/p>\n<p>Son cantidades aproximadas que hicieron sin llegar al fin de proceso de validaci\u00f3n as\u00ed que hay que cogerlas con alfileres, ya que no se si inclu\u00edan otros conceptos como recargos , tasas etc&#8230;<\/p>\n<p><strong><span style=\"color: #00ff00;\">STAR ALLIANCE<\/span><\/strong><\/p>\n<p><span style=\"color: #0000ff;\">1.- Teor\u00eda<\/span><br \/>\nFunciona con un sistema de millas igual que el Global Explorer y los escalones de millas son iguales.<br \/>\nPuedes calcular tus millas con la herramienta de planificaci\u00f3n y pagar on line<br \/>\nEl enlace para la herramienta de planificacion :\u00a0<a href=\"http:\/\/www.staralliance.com\/book-fly\">http:\/\/www.staralliance.com\/book-fly<\/a> y, como siempre, hay que mirar las condiciones generales de contrataci\u00f3n para evitar sustos luego&#8230; : <a href=\"http:\/\/www.staralliance.com\/es\/round-the-world?view=tc\">http:\/\/www.staralliance.com\/es\/round-the-world?view=tc<\/a><br \/>\nEn cuanto a los destinos a elegir, en mi caso eran id\u00e9nticos y desconozco si respecto a OneWorld hay sitios a los que no puedas volar.<\/p>\n<p><span style=\"color: #0000ff;\">2.-<\/span> <span style=\"color: #0000ff;\">Pr\u00e1ctica<\/span><br \/>\nCon el n\u00famero de millas descrito (26274) el precio es de 3515 eur.<\/p>\n<p><span style=\"font-size: 20pt; color: #ff0000;\">AGENCIAS<\/span><\/p>\n<p>Tengo que advertir que mi experiencia con las agencias es muy limitada: solo prob\u00e9 con el buscador de tarifas de la que vi m\u00e1s popular en internet (Airtreks) y visto el resultado no profundice m\u00e1s.<\/p>\n<p>Tambi\u00e9n tiene una herramienta de planificaci\u00f3n de ruta , as\u00ed que es muy sencillo : <a href=\"http:\/\/tripplanner.airtreks.com\/HtmlUi?REF=AIRTREKS&amp;DST=HOME\">http:\/\/tripplanner.airtreks.com\/HtmlUi?REF=AIRTREKS&amp;DST=HOME<\/a><\/p>\n<p>Precio por mi itinerario : entre 4270 y 5892 $<br \/>\nEs cierto que te dicen que por el mismo precio te dan otro vuelo a Islandia, Nueva York o Los Angeles, pero aun as\u00ed&#8230;<\/p>\n<p><span style=\"font-size: 20pt; color: #ff0000;\">CONCLUSION<\/span><br \/>\nA toro pasado y sin hacer un an\u00e1lisis m\u00e1s profundo a la hora de sacar este billete de avion Round-The-World creo que la mejor opci\u00f3n ser\u00eda calcular las millas de tu viaje de tal manera que te acerques lo m\u00e1s posible al l\u00edmite superior de millas de cada escal\u00f3n.<\/p>\n<p>En mi caso 26274 millas sal\u00edan por 3457 eur y si es verdad que con el Global Explorer un viaje de hasta 29000 millas sal\u00eda m\u00e1s o menos por 3600 podr\u00eda haber sacado alg\u00fan billete m\u00e1s&#8230;de todos modos vereis que las herramientas de planificaci\u00f3n son muy estrictas en el dise\u00f1o de las rutas y el hecho de no poder volver atr\u00e1s (!ni siquiera para hacer escala!) limita bastante la construcci\u00f3n de tu itinerario.<\/p>\n<p>Para m\u00e1s informaci\u00f3n os aconsejo entrar en el foro de flyertalk , hay aut\u00e9nticos artistas en acercarse a los l\u00edmites superiores de los escalones y maximizar as\u00ed la relaci\u00f3n millas\/precio.<\/p>\n<p>Deciros que el billete de avion Round-The-World es la mejor inversion que hice en mi vida, sale rentable echarle horas con los buscadores y\/o pas\u00e1ndote por las oficinas de las compa\u00f1\u00edas a\u00e9reas hasta encontrar justo la combinaci\u00f3n que os convenga.<\/p>\n<p>Si alguno de vosotros tiene informaci\u00f3n adicional por favor poneos en contacto conmigo para enriquecer\/actualizar el post.<\/p>\n<p>Y si quieres saber algo m\u00e1s sobre m\u00ed:\u00a0<a href=\"http:\/\/999millas.net\/about-me\/\">http:\/\/999millas.net\/about-me\/<\/a><\/p>\n<p>Gracias por adelantado \ud83d\ude42<\/p>\n<p><em>Mike !<\/em><\/p>\n","protected":false},"excerpt":{"rendered":"<p>Quieres sacar un billete de avion round-the-world y no sabes por donde empezar&#8230;no pasa nada, aqu\u00ed estoy yo \ud83d\ude42 Hay dos maneras de sacar un vuelo-alrededor-del-mundo (en ingles , RTW ticket): directamente a trav\u00e9s de una compa\u00f1\u00eda a\u00e9rea o a trav\u00e9s de una agencia especializada. Aqu\u00ed os comentar\u00e9 mi experiencia cuando saqu\u00e9 el m\u00edo en [&hellip;]<\/p>\n","protected":false},"author":1,"featured_media":0,"parent":263,"menu_order":0,"comment_status":"closed","ping_status":"closed","template":"","meta":{"jetpack_post_was_ever_published":false,"footnotes":""},"class_list":["post-266","page","type-page","status-publish","hentry"],"yoast_head":"<!-- This site is optimized with the Yoast SEO plugin v27.2 - https:\/\/yoast.com\/product\/yoast-seo-wordpress\/ -->\n<title>Billete de avion Round-The-World: todo lo que necesitas saber<\/title>\n<meta name=\"description\" content=\"\u00bfQuieres sacar un billete de avion Round-The-World? Lo hice en 2015 y 2016 y en este post te dejo mi estudio acerca de las diferentes (y mejores) opciones\" \/>\n<meta name=\"robots\" content=\"index, follow, max-snippet:-1, max-image-preview:large, max-video-preview:-1\" \/>\n<link rel=\"canonical\" href=\"https:\/\/999millas.net\/es\/preparar-una-vuelta-al-mundo\/billete-de-avion-round-the-world\/\" \/>\n<meta property=\"og:locale\" content=\"es_ES\" \/>\n<meta property=\"og:type\" content=\"article\" \/>\n<meta property=\"og:title\" content=\"Billete de avion Round-The-World: todo lo que necesitas saber\" \/>\n<meta property=\"og:description\" content=\"\u00bfQuieres sacar un billete de avion Round-The-World? Lo hice en 2015 y 2016 y en este post te dejo mi estudio acerca de las diferentes (y mejores) opciones\" \/>\n<meta property=\"og:url\" content=\"https:\/\/999millas.net\/es\/preparar-una-vuelta-al-mundo\/billete-de-avion-round-the-world\/\" \/>\n<meta property=\"og:site_name\" content=\"999 Millas\" \/>\n<meta property=\"article:modified_time\" content=\"2020-02-18T16:25:41+00:00\" \/>\n<meta name=\"twitter:card\" content=\"summary_large_image\" \/>\n<meta name=\"twitter:site\" content=\"@999millas\" \/>\n<meta name=\"twitter:label1\" content=\"Tiempo de lectura\" \/>\n\t<meta name=\"twitter:data1\" content=\"5 minutos\" \/>\n<script type=\"application\/ld+json\" class=\"yoast-schema-graph\">{\"@context\":\"https:\/\/schema.org\",\"@graph\":[{\"@type\":\"WebPage\",\"@id\":\"https:\/\/999millas.net\/preparar-una-vuelta-al-mundo\/billete-de-avion-round-the-world\/\",\"url\":\"https:\/\/999millas.net\/preparar-una-vuelta-al-mundo\/billete-de-avion-round-the-world\/\",\"name\":\"Billete de avion Round-The-World: todo lo que necesitas saber\",\"isPartOf\":{\"@id\":\"https:\/\/999millas.net\/#website\"},\"datePublished\":\"2015-12-08T17:24:25+00:00\",\"dateModified\":\"2020-02-18T16:25:41+00:00\",\"description\":\"\u00bfQuieres sacar un billete de avion Round-The-World? Lo hice en 2015 y 2016 y en este post te dejo mi estudio acerca de las diferentes (y mejores) opciones\",\"breadcrumb\":{\"@id\":\"https:\/\/999millas.net\/preparar-una-vuelta-al-mundo\/billete-de-avion-round-the-world\/#breadcrumb\"},\"inLanguage\":\"es\",\"potentialAction\":[{\"@type\":\"ReadAction\",\"target\":[\"https:\/\/999millas.net\/preparar-una-vuelta-al-mundo\/billete-de-avion-round-the-world\/\"]}]},{\"@type\":\"BreadcrumbList\",\"@id\":\"https:\/\/999millas.net\/preparar-una-vuelta-al-mundo\/billete-de-avion-round-the-world\/#breadcrumb\",\"itemListElement\":[{\"@type\":\"ListItem\",\"position\":1,\"name\":\"Home\",\"item\":\"https:\/\/999millas.net\/\"},{\"@type\":\"ListItem\",\"position\":2,\"name\":\"Preparar una Vuelta al Mundo\",\"item\":\"https:\/\/999millas.net\/preparar-una-vuelta-al-mundo\/\"},{\"@type\":\"ListItem\",\"position\":3,\"name\":\"Billetes de avi\u00f3n Round-The-World\"}]},{\"@type\":\"WebSite\",\"@id\":\"https:\/\/999millas.net\/#website\",\"url\":\"https:\/\/999millas.net\/\",\"name\":\"999 Millas\",\"description\":\"La Vuelta al Mundo en Low Cost\",\"publisher\":{\"@id\":\"https:\/\/999millas.net\/#\/schema\/person\/b524a24b59fab0e7a10b430add8f04e4\"},\"potentialAction\":[{\"@type\":\"SearchAction\",\"target\":{\"@type\":\"EntryPoint\",\"urlTemplate\":\"https:\/\/999millas.net\/?s={search_term_string}\"},\"query-input\":{\"@type\":\"PropertyValueSpecification\",\"valueRequired\":true,\"valueName\":\"search_term_string\"}}],\"inLanguage\":\"es\"},{\"@type\":[\"Person\",\"Organization\"],\"@id\":\"https:\/\/999millas.net\/#\/schema\/person\/b524a24b59fab0e7a10b430add8f04e4\",\"name\":\"Mike !\",\"image\":{\"@type\":\"ImageObject\",\"inLanguage\":\"es\",\"@id\":\"https:\/\/i0.wp.com\/999millas.net\/wp-content\/uploads\/2025\/03\/Logo-4.png?fit=172%2C209&ssl=1\",\"url\":\"https:\/\/i0.wp.com\/999millas.net\/wp-content\/uploads\/2025\/03\/Logo-4.png?fit=172%2C209&ssl=1\",\"contentUrl\":\"https:\/\/i0.wp.com\/999millas.net\/wp-content\/uploads\/2025\/03\/Logo-4.png?fit=172%2C209&ssl=1\",\"width\":172,\"height\":209,\"caption\":\"Mike !\"},\"logo\":{\"@id\":\"https:\/\/i0.wp.com\/999millas.net\/wp-content\/uploads\/2025\/03\/Logo-4.png?fit=172%2C209&ssl=1\"},\"sameAs\":[\"999millas\",\"https:\/\/x.com\/999millas\"]}]}<\/script>\n<!-- \/ Yoast SEO plugin. -->","yoast_head_json":{"title":"Billete de avion Round-The-World: todo lo que necesitas saber","description":"\u00bfQuieres sacar un billete de avion Round-The-World? Lo hice en 2015 y 2016 y en este post te dejo mi estudio acerca de las diferentes (y mejores) opciones","robots":{"index":"index","follow":"follow","max-snippet":"max-snippet:-1","max-image-preview":"max-image-preview:large","max-video-preview":"max-video-preview:-1"},"canonical":"https:\/\/999millas.net\/es\/preparar-una-vuelta-al-mundo\/billete-de-avion-round-the-world\/","og_locale":"es_ES","og_type":"article","og_title":"Billete de avion Round-The-World: todo lo que necesitas saber","og_description":"\u00bfQuieres sacar un billete de avion Round-The-World? Lo hice en 2015 y 2016 y en este post te dejo mi estudio acerca de las diferentes (y mejores) opciones","og_url":"https:\/\/999millas.net\/es\/preparar-una-vuelta-al-mundo\/billete-de-avion-round-the-world\/","og_site_name":"999 Millas","article_modified_time":"2020-02-18T16:25:41+00:00","twitter_card":"summary_large_image","twitter_site":"@999millas","twitter_misc":{"Tiempo de lectura":"5 minutos"},"schema":{"@context":"https:\/\/schema.org","@graph":[{"@type":"WebPage","@id":"https:\/\/999millas.net\/preparar-una-vuelta-al-mundo\/billete-de-avion-round-the-world\/","url":"https:\/\/999millas.net\/preparar-una-vuelta-al-mundo\/billete-de-avion-round-the-world\/","name":"Billete de avion Round-The-World: todo lo que necesitas saber","isPartOf":{"@id":"https:\/\/999millas.net\/#website"},"datePublished":"2015-12-08T17:24:25+00:00","dateModified":"2020-02-18T16:25:41+00:00","description":"\u00bfQuieres sacar un billete de avion Round-The-World? Lo hice en 2015 y 2016 y en este post te dejo mi estudio acerca de las diferentes (y mejores) opciones","breadcrumb":{"@id":"https:\/\/999millas.net\/preparar-una-vuelta-al-mundo\/billete-de-avion-round-the-world\/#breadcrumb"},"inLanguage":"es","potentialAction":[{"@type":"ReadAction","target":["https:\/\/999millas.net\/preparar-una-vuelta-al-mundo\/billete-de-avion-round-the-world\/"]}]},{"@type":"BreadcrumbList","@id":"https:\/\/999millas.net\/preparar-una-vuelta-al-mundo\/billete-de-avion-round-the-world\/#breadcrumb","itemListElement":[{"@type":"ListItem","position":1,"name":"Home","item":"https:\/\/999millas.net\/"},{"@type":"ListItem","position":2,"name":"Preparar una Vuelta al Mundo","item":"https:\/\/999millas.net\/preparar-una-vuelta-al-mundo\/"},{"@type":"ListItem","position":3,"name":"Billetes de avi\u00f3n Round-The-World"}]},{"@type":"WebSite","@id":"https:\/\/999millas.net\/#website","url":"https:\/\/999millas.net\/","name":"999 Millas","description":"La Vuelta al Mundo en Low Cost","publisher":{"@id":"https:\/\/999millas.net\/#\/schema\/person\/b524a24b59fab0e7a10b430add8f04e4"},"potentialAction":[{"@type":"SearchAction","target":{"@type":"EntryPoint","urlTemplate":"https:\/\/999millas.net\/?s={search_term_string}"},"query-input":{"@type":"PropertyValueSpecification","valueRequired":true,"valueName":"search_term_string"}}],"inLanguage":"es"},{"@type":["Person","Organization"],"@id":"https:\/\/999millas.net\/#\/schema\/person\/b524a24b59fab0e7a10b430add8f04e4","name":"Mike !","image":{"@type":"ImageObject","inLanguage":"es","@id":"https:\/\/i0.wp.com\/999millas.net\/wp-content\/uploads\/2025\/03\/Logo-4.png?fit=172%2C209&ssl=1","url":"https:\/\/i0.wp.com\/999millas.net\/wp-content\/uploads\/2025\/03\/Logo-4.png?fit=172%2C209&ssl=1","contentUrl":"https:\/\/i0.wp.com\/999millas.net\/wp-content\/uploads\/2025\/03\/Logo-4.png?fit=172%2C209&ssl=1","width":172,"height":209,"caption":"Mike !"},"logo":{"@id":"https:\/\/i0.wp.com\/999millas.net\/wp-content\/uploads\/2025\/03\/Logo-4.png?fit=172%2C209&ssl=1"},"sameAs":["999millas","https:\/\/x.com\/999millas"]}]}},"jetpack_sharing_enabled":true,"jetpack_shortlink":"https:\/\/wp.me\/P6SJpy-4i","jetpack-related-posts":[{"id":293,"url":"https:\/\/999millas.net\/es\/preparar-una-vuelta-al-mundo\/preparativos\/","url_meta":{"origin":266,"position":0},"title":"Preparativos","author":"Mike !","date":"diciembre 16, 2015","format":false,"excerpt":"Preparativos para dejarlo todo e irnos de viaje...no es f\u00e1cil organizarse para dejar todo arreglado para tu salida (y para tu vuelta). Aqu\u00ed os dejo algunos consejos IMPUESTOS Y BANCOS Aunque t\u00fa te olvides de Hacienda y de los bancos en tu viaje , estos no se van a olvidar\u2026","rel":"","context":"Entrada similar","block_context":{"text":"Entrada similar","link":""},"img":{"alt_text":"","src":"","width":0,"height":0},"classes":[]},{"id":1233,"url":"https:\/\/999millas.net\/es\/preparar-una-vuelta-al-mundo\/mi-equipo\/","url_meta":{"origin":266,"position":1},"title":"Mi equipo","author":"Mike !","date":"noviembre 15, 2016","format":false,"excerpt":"Cuando voy a estar 11-12 meses recorriendo el mundo sin pasar por casa...\u00bfqu\u00e9 debo llevarme? Esta es la descripci\u00f3n del equipo que voy a llevar en mi segunda vuelta al mundo ; respecto de la primera s\u00f3lo he a\u00f1adido algunas cosas para camping\/trekking\u00a0 : MOCHILA GRANDE : +-13 Kg 1.-\u2026","rel":"","context":"Entrada similar","block_context":{"text":"Entrada similar","link":""},"img":{"alt_text":"","src":"https:\/\/i0.wp.com\/999millas.net\/wp-content\/uploads\/2016\/11\/IMG_0281.jpg?fit=1200%2C896&ssl=1&resize=350%2C200","width":350,"height":200,"srcset":"https:\/\/i0.wp.com\/999millas.net\/wp-content\/uploads\/2016\/11\/IMG_0281.jpg?fit=1200%2C896&ssl=1&resize=350%2C200 1x, https:\/\/i0.wp.com\/999millas.net\/wp-content\/uploads\/2016\/11\/IMG_0281.jpg?fit=1200%2C896&ssl=1&resize=525%2C300 1.5x, https:\/\/i0.wp.com\/999millas.net\/wp-content\/uploads\/2016\/11\/IMG_0281.jpg?fit=1200%2C896&ssl=1&resize=700%2C400 2x, https:\/\/i0.wp.com\/999millas.net\/wp-content\/uploads\/2016\/11\/IMG_0281.jpg?fit=1200%2C896&ssl=1&resize=1050%2C600 3x"},"classes":[]},{"id":273,"url":"https:\/\/999millas.net\/es\/preparar-una-vuelta-al-mundo\/apps-utiles\/","url_meta":{"origin":266,"position":2},"title":"Apps \u00fatiles","author":"Mike !","date":"diciembre 8, 2015","format":false,"excerpt":"Apps \u00fatiles para viajar o simplemente divertidas : ORIENTACION 1.- Maps.me : como el Google Maps y tambi\u00e9n funciona off line 2.- Wikiloc : Busca (o graba) tus rutas de senderismo 3.- Commander Compass : M\u00e1s que una br\u00fajula , con GPS , mapas , girocompas.... - ALOJAMIENTO 1.- Couchsurfing\u2026","rel":"","context":"Entrada similar","block_context":{"text":"Entrada similar","link":""},"img":{"alt_text":"","src":"","width":0,"height":0},"classes":[]},{"id":4,"url":"https:\/\/999millas.net\/es\/about-me\/","url_meta":{"origin":266,"position":3},"title":"Sobre m\u00ed","author":"Mike !","date":"octubre 25, 2015","format":false,"excerpt":"\u00a0\u00bfPorqu\u00e9 dar la vuelta al mundo en plan low cost? Por dinero, esa es la respuesta sencilla. Pero hay m\u00e1s. Viajar en low cost multiplica tus posibilidades de vivir aventuras, conocer la cultura y a la gente local y llevarte a casa recuerdos imborrables que viajando en un tour no\u2026","rel":"","context":"Entrada similar","block_context":{"text":"Entrada similar","link":""},"img":{"alt_text":"","src":"https:\/\/i0.wp.com\/999millas.net\/wp-content\/uploads\/2025\/01\/yo-con-ninos.jpg?resize=350%2C200&ssl=1","width":350,"height":200,"srcset":"https:\/\/i0.wp.com\/999millas.net\/wp-content\/uploads\/2025\/01\/yo-con-ninos.jpg?resize=350%2C200&ssl=1 1x, https:\/\/i0.wp.com\/999millas.net\/wp-content\/uploads\/2025\/01\/yo-con-ninos.jpg?resize=525%2C300&ssl=1 1.5x, https:\/\/i0.wp.com\/999millas.net\/wp-content\/uploads\/2025\/01\/yo-con-ninos.jpg?resize=700%2C400&ssl=1 2x"},"classes":[]}],"_links":{"self":[{"href":"https:\/\/999millas.net\/es\/wp-json\/wp\/v2\/pages\/266","targetHints":{"allow":["GET"]}}],"collection":[{"href":"https:\/\/999millas.net\/es\/wp-json\/wp\/v2\/pages"}],"about":[{"href":"https:\/\/999millas.net\/es\/wp-json\/wp\/v2\/types\/page"}],"author":[{"embeddable":true,"href":"https:\/\/999millas.net\/es\/wp-json\/wp\/v2\/users\/1"}],"replies":[{"embeddable":true,"href":"https:\/\/999millas.net\/es\/wp-json\/wp\/v2\/comments?post=266"}],"version-history":[{"count":0,"href":"https:\/\/999millas.net\/es\/wp-json\/wp\/v2\/pages\/266\/revisions"}],"up":[{"embeddable":true,"href":"https:\/\/999millas.net\/es\/wp-json\/wp\/v2\/pages\/263"}],"wp:attachment":[{"href":"https:\/\/999millas.net\/es\/wp-json\/wp\/v2\/media?parent=266"}],"curies":[{"name":"wp","href":"https:\/\/api.w.org\/{rel}","templated":true}]}}