{"id":263,"date":"2015-12-08T17:08:15","date_gmt":"2015-12-08T17:08:15","guid":{"rendered":"http:\/\/999millas.net\/?page_id=263"},"modified":"2015-12-08T17:08:15","modified_gmt":"2015-12-08T17:08:15","slug":"preparar-una-vuelta-al-mundo","status":"publish","type":"page","link":"https:\/\/999millas.net\/es\/preparar-una-vuelta-al-mundo\/","title":{"rendered":"Preparar una Vuelta al Mundo"},"content":{"rendered":"<p>Serie de art\u00edculos en los que ire describiendo c\u00f3mo prepar\u00e9 mi vuelta al mundo : desde los billetes de avi\u00f3n hasta las vacunas , pasando por app\u00b4s utiles para los viajeros y otro tipo de detalles<\/p>\n","protected":false},"excerpt":{"rendered":"<p>Serie de art\u00edculos en los que ire describiendo c\u00f3mo prepar\u00e9 mi vuelta al mundo : desde los billetes de avi\u00f3n hasta las vacunas , pasando por app\u00b4s utiles para los viajeros y otro tipo de detalles<\/p>\n","protected":false},"author":1,"featured_media":0,"parent":0,"menu_order":0,"comment_status":"closed","ping_status":"closed","template":"","meta":{"jetpack_post_was_ever_published":false,"footnotes":""},"class_list":["post-263","page","type-page","status-publish","hentry"],"yoast_head":"<!-- This site is optimized with the Yoast SEO plugin v27.2 - https:\/\/yoast.com\/product\/yoast-seo-wordpress\/ -->\n<title>Preparar una Vuelta al Mundo - 999 Millas<\/title>\n<meta name=\"robots\" content=\"index, follow, max-snippet:-1, max-image-preview:large, max-video-preview:-1\" \/>\n<link rel=\"canonical\" href=\"https:\/\/999millas.net\/es\/preparar-una-vuelta-al-mundo\/\" \/>\n<meta property=\"og:locale\" content=\"es_ES\" \/>\n<meta property=\"og:type\" content=\"article\" \/>\n<meta property=\"og:title\" content=\"Preparar una Vuelta al Mundo - 999 Millas\" \/>\n<meta property=\"og:description\" content=\"Serie de art\u00edculos en los que ire describiendo c\u00f3mo prepar\u00e9 mi vuelta al mundo : desde los billetes de avi\u00f3n hasta las vacunas , pasando por app\u00b4s utiles para los viajeros y otro tipo de detalles\" \/>\n<meta property=\"og:url\" content=\"https:\/\/999millas.net\/es\/preparar-una-vuelta-al-mundo\/\" \/>\n<meta property=\"og:site_name\" content=\"999 Millas\" \/>\n<meta name=\"twitter:card\" content=\"summary_large_image\" \/>\n<meta name=\"twitter:site\" content=\"@999millas\" \/>\n<script type=\"application\/ld+json\" class=\"yoast-schema-graph\">{\"@context\":\"https:\/\/schema.org\",\"@graph\":[{\"@type\":\"WebPage\",\"@id\":\"https:\/\/999millas.net\/preparar-una-vuelta-al-mundo\/\",\"url\":\"https:\/\/999millas.net\/preparar-una-vuelta-al-mundo\/\",\"name\":\"Preparar una Vuelta al Mundo - 999 Millas\",\"isPartOf\":{\"@id\":\"https:\/\/999millas.net\/#website\"},\"datePublished\":\"2015-12-08T17:08:15+00:00\",\"breadcrumb\":{\"@id\":\"https:\/\/999millas.net\/preparar-una-vuelta-al-mundo\/#breadcrumb\"},\"inLanguage\":\"es\",\"potentialAction\":[{\"@type\":\"ReadAction\",\"target\":[\"https:\/\/999millas.net\/preparar-una-vuelta-al-mundo\/\"]}]},{\"@type\":\"BreadcrumbList\",\"@id\":\"https:\/\/999millas.net\/preparar-una-vuelta-al-mundo\/#breadcrumb\",\"itemListElement\":[{\"@type\":\"ListItem\",\"position\":1,\"name\":\"Home\",\"item\":\"https:\/\/999millas.net\/\"},{\"@type\":\"ListItem\",\"position\":2,\"name\":\"Preparar una Vuelta al Mundo\"}]},{\"@type\":\"WebSite\",\"@id\":\"https:\/\/999millas.net\/#website\",\"url\":\"https:\/\/999millas.net\/\",\"name\":\"999 Millas\",\"description\":\"La Vuelta al Mundo en Low Cost\",\"publisher\":{\"@id\":\"https:\/\/999millas.net\/#\/schema\/person\/b524a24b59fab0e7a10b430add8f04e4\"},\"potentialAction\":[{\"@type\":\"SearchAction\",\"target\":{\"@type\":\"EntryPoint\",\"urlTemplate\":\"https:\/\/999millas.net\/?s={search_term_string}\"},\"query-input\":{\"@type\":\"PropertyValueSpecification\",\"valueRequired\":true,\"valueName\":\"search_term_string\"}}],\"inLanguage\":\"es\"},{\"@type\":[\"Person\",\"Organization\"],\"@id\":\"https:\/\/999millas.net\/#\/schema\/person\/b524a24b59fab0e7a10b430add8f04e4\",\"name\":\"Mike !\",\"image\":{\"@type\":\"ImageObject\",\"inLanguage\":\"es\",\"@id\":\"https:\/\/i0.wp.com\/999millas.net\/wp-content\/uploads\/2025\/03\/Logo-4.png?fit=172%2C209&ssl=1\",\"url\":\"https:\/\/i0.wp.com\/999millas.net\/wp-content\/uploads\/2025\/03\/Logo-4.png?fit=172%2C209&ssl=1\",\"contentUrl\":\"https:\/\/i0.wp.com\/999millas.net\/wp-content\/uploads\/2025\/03\/Logo-4.png?fit=172%2C209&ssl=1\",\"width\":172,\"height\":209,\"caption\":\"Mike !\"},\"logo\":{\"@id\":\"https:\/\/i0.wp.com\/999millas.net\/wp-content\/uploads\/2025\/03\/Logo-4.png?fit=172%2C209&ssl=1\"},\"sameAs\":[\"999millas\",\"https:\/\/x.com\/999millas\"]}]}<\/script>\n<!-- \/ Yoast SEO plugin. -->","yoast_head_json":{"title":"Preparar una Vuelta al Mundo - 999 Millas","robots":{"index":"index","follow":"follow","max-snippet":"max-snippet:-1","max-image-preview":"max-image-preview:large","max-video-preview":"max-video-preview:-1"},"canonical":"https:\/\/999millas.net\/es\/preparar-una-vuelta-al-mundo\/","og_locale":"es_ES","og_type":"article","og_title":"Preparar una Vuelta al Mundo - 999 Millas","og_description":"Serie de art\u00edculos en los que ire describiendo c\u00f3mo prepar\u00e9 mi vuelta al mundo : desde los billetes de avi\u00f3n hasta las vacunas , pasando por app\u00b4s utiles para los viajeros y otro tipo de detalles","og_url":"https:\/\/999millas.net\/es\/preparar-una-vuelta-al-mundo\/","og_site_name":"999 Millas","twitter_card":"summary_large_image","twitter_site":"@999millas","schema":{"@context":"https:\/\/schema.org","@graph":[{"@type":"WebPage","@id":"https:\/\/999millas.net\/preparar-una-vuelta-al-mundo\/","url":"https:\/\/999millas.net\/preparar-una-vuelta-al-mundo\/","name":"Preparar una Vuelta al Mundo - 999 Millas","isPartOf":{"@id":"https:\/\/999millas.net\/#website"},"datePublished":"2015-12-08T17:08:15+00:00","breadcrumb":{"@id":"https:\/\/999millas.net\/preparar-una-vuelta-al-mundo\/#breadcrumb"},"inLanguage":"es","potentialAction":[{"@type":"ReadAction","target":["https:\/\/999millas.net\/preparar-una-vuelta-al-mundo\/"]}]},{"@type":"BreadcrumbList","@id":"https:\/\/999millas.net\/preparar-una-vuelta-al-mundo\/#breadcrumb","itemListElement":[{"@type":"ListItem","position":1,"name":"Home","item":"https:\/\/999millas.net\/"},{"@type":"ListItem","position":2,"name":"Preparar una Vuelta al Mundo"}]},{"@type":"WebSite","@id":"https:\/\/999millas.net\/#website","url":"https:\/\/999millas.net\/","name":"999 Millas","description":"La Vuelta al Mundo en Low Cost","publisher":{"@id":"https:\/\/999millas.net\/#\/schema\/person\/b524a24b59fab0e7a10b430add8f04e4"},"potentialAction":[{"@type":"SearchAction","target":{"@type":"EntryPoint","urlTemplate":"https:\/\/999millas.net\/?s={search_term_string}"},"query-input":{"@type":"PropertyValueSpecification","valueRequired":true,"valueName":"search_term_string"}}],"inLanguage":"es"},{"@type":["Person","Organization"],"@id":"https:\/\/999millas.net\/#\/schema\/person\/b524a24b59fab0e7a10b430add8f04e4","name":"Mike !","image":{"@type":"ImageObject","inLanguage":"es","@id":"https:\/\/i0.wp.com\/999millas.net\/wp-content\/uploads\/2025\/03\/Logo-4.png?fit=172%2C209&ssl=1","url":"https:\/\/i0.wp.com\/999millas.net\/wp-content\/uploads\/2025\/03\/Logo-4.png?fit=172%2C209&ssl=1","contentUrl":"https:\/\/i0.wp.com\/999millas.net\/wp-content\/uploads\/2025\/03\/Logo-4.png?fit=172%2C209&ssl=1","width":172,"height":209,"caption":"Mike !"},"logo":{"@id":"https:\/\/i0.wp.com\/999millas.net\/wp-content\/uploads\/2025\/03\/Logo-4.png?fit=172%2C209&ssl=1"},"sameAs":["999millas","https:\/\/x.com\/999millas"]}]}},"jetpack_sharing_enabled":true,"jetpack_shortlink":"https:\/\/wp.me\/P6SJpy-4f","jetpack-related-posts":[{"id":293,"url":"https:\/\/999millas.net\/es\/preparar-una-vuelta-al-mundo\/preparativos\/","url_meta":{"origin":263,"position":0},"title":"Preparativos","author":"Mike !","date":"diciembre 16, 2015","format":false,"excerpt":"Preparativos para dejarlo todo e irnos de viaje...no es f\u00e1cil organizarse para dejar todo arreglado para tu salida (y para tu vuelta). Aqu\u00ed os dejo algunos consejos IMPUESTOS Y BANCOS Aunque t\u00fa te olvides de Hacienda y de los bancos en tu viaje , estos no se van a olvidar\u2026","rel":"","context":"Entrada similar","block_context":{"text":"Entrada similar","link":""},"img":{"alt_text":"","src":"","width":0,"height":0},"classes":[]},{"id":273,"url":"https:\/\/999millas.net\/es\/preparar-una-vuelta-al-mundo\/apps-utiles\/","url_meta":{"origin":263,"position":1},"title":"Apps \u00fatiles","author":"Mike !","date":"diciembre 8, 2015","format":false,"excerpt":"Apps \u00fatiles para viajar o simplemente divertidas : ORIENTACION 1.- Maps.me : como el Google Maps y tambi\u00e9n funciona off line 2.- Wikiloc : Busca (o graba) tus rutas de senderismo 3.- Commander Compass : M\u00e1s que una br\u00fajula , con GPS , mapas , girocompas.... - ALOJAMIENTO 1.- Couchsurfing\u2026","rel":"","context":"Entrada similar","block_context":{"text":"Entrada similar","link":""},"img":{"alt_text":"","src":"","width":0,"height":0},"classes":[]},{"id":1233,"url":"https:\/\/999millas.net\/es\/preparar-una-vuelta-al-mundo\/mi-equipo\/","url_meta":{"origin":263,"position":2},"title":"Mi equipo","author":"Mike !","date":"noviembre 15, 2016","format":false,"excerpt":"Cuando voy a estar 11-12 meses recorriendo el mundo sin pasar por casa...\u00bfqu\u00e9 debo llevarme? Esta es la descripci\u00f3n del equipo que voy a llevar en mi segunda vuelta al mundo ; respecto de la primera s\u00f3lo he a\u00f1adido algunas cosas para camping\/trekking\u00a0 : MOCHILA GRANDE : +-13 Kg 1.-\u2026","rel":"","context":"Entrada similar","block_context":{"text":"Entrada similar","link":""},"img":{"alt_text":"","src":"https:\/\/i0.wp.com\/999millas.net\/wp-content\/uploads\/2016\/11\/IMG_0281.jpg?fit=1200%2C896&ssl=1&resize=350%2C200","width":350,"height":200,"srcset":"https:\/\/i0.wp.com\/999millas.net\/wp-content\/uploads\/2016\/11\/IMG_0281.jpg?fit=1200%2C896&ssl=1&resize=350%2C200 1x, https:\/\/i0.wp.com\/999millas.net\/wp-content\/uploads\/2016\/11\/IMG_0281.jpg?fit=1200%2C896&ssl=1&resize=525%2C300 1.5x, https:\/\/i0.wp.com\/999millas.net\/wp-content\/uploads\/2016\/11\/IMG_0281.jpg?fit=1200%2C896&ssl=1&resize=700%2C400 2x, https:\/\/i0.wp.com\/999millas.net\/wp-content\/uploads\/2016\/11\/IMG_0281.jpg?fit=1200%2C896&ssl=1&resize=1050%2C600 3x"},"classes":[]},{"id":4,"url":"https:\/\/999millas.net\/es\/about-me\/","url_meta":{"origin":263,"position":3},"title":"Sobre m\u00ed","author":"Mike !","date":"octubre 25, 2015","format":false,"excerpt":"\u00a0\u00bfPorqu\u00e9 dar la vuelta al mundo en plan low cost? Por dinero, esa es la respuesta sencilla. Pero hay m\u00e1s. Viajar en low cost multiplica tus posibilidades de vivir aventuras, conocer la cultura y a la gente local y llevarte a casa recuerdos imborrables que viajando en un tour no\u2026","rel":"","context":"Entrada similar","block_context":{"text":"Entrada similar","link":""},"img":{"alt_text":"","src":"https:\/\/i0.wp.com\/999millas.net\/wp-content\/uploads\/2025\/01\/yo-con-ninos.jpg?resize=350%2C200&ssl=1","width":350,"height":200,"srcset":"https:\/\/i0.wp.com\/999millas.net\/wp-content\/uploads\/2025\/01\/yo-con-ninos.jpg?resize=350%2C200&ssl=1 1x, https:\/\/i0.wp.com\/999millas.net\/wp-content\/uploads\/2025\/01\/yo-con-ninos.jpg?resize=525%2C300&ssl=1 1.5x, https:\/\/i0.wp.com\/999millas.net\/wp-content\/uploads\/2025\/01\/yo-con-ninos.jpg?resize=700%2C400&ssl=1 2x"},"classes":[]},{"id":266,"url":"https:\/\/999millas.net\/es\/preparar-una-vuelta-al-mundo\/billete-de-avion-round-the-world\/","url_meta":{"origin":263,"position":4},"title":"Billetes de avi\u00f3n Round-The-World","author":"Mike !","date":"diciembre 8, 2015","format":false,"excerpt":"Quieres sacar un billete de avion round-the-world y no sabes por donde empezar...no pasa nada, aqu\u00ed estoy yo :) Hay dos maneras de sacar un vuelo-alrededor-del-mundo (en ingles , RTW ticket): directamente a trav\u00e9s de una compa\u00f1\u00eda a\u00e9rea o a trav\u00e9s de una agencia especializada. Aqu\u00ed os comentar\u00e9 mi experiencia\u2026","rel":"","context":"Entrada similar","block_context":{"text":"Entrada similar","link":""},"img":{"alt_text":"","src":"","width":0,"height":0},"classes":[]}],"_links":{"self":[{"href":"https:\/\/999millas.net\/es\/wp-json\/wp\/v2\/pages\/263","targetHints":{"allow":["GET"]}}],"collection":[{"href":"https:\/\/999millas.net\/es\/wp-json\/wp\/v2\/pages"}],"about":[{"href":"https:\/\/999millas.net\/es\/wp-json\/wp\/v2\/types\/page"}],"author":[{"embeddable":true,"href":"https:\/\/999millas.net\/es\/wp-json\/wp\/v2\/users\/1"}],"replies":[{"embeddable":true,"href":"https:\/\/999millas.net\/es\/wp-json\/wp\/v2\/comments?post=263"}],"version-history":[{"count":0,"href":"https:\/\/999millas.net\/es\/wp-json\/wp\/v2\/pages\/263\/revisions"}],"wp:attachment":[{"href":"https:\/\/999millas.net\/es\/wp-json\/wp\/v2\/media?parent=263"}],"curies":[{"name":"wp","href":"https:\/\/api.w.org\/{rel}","templated":true}]}}