{"id":4,"date":"2015-10-25T17:41:17","date_gmt":"2015-10-25T17:41:17","guid":{"rendered":"http:\/\/999millas.net\/?page_id=4"},"modified":"2025-03-01T09:01:32","modified_gmt":"2025-03-01T09:01:32","slug":"about-me","status":"publish","type":"page","link":"https:\/\/999millas.net\/en\/about-me\/","title":{"rendered":"Sobre m\u00ed"},"content":{"rendered":"<h2 class=\"wp-block-heading has-vivid-red-color has-text-color has-link-color wp-elements-9d8d449d1b0938820880ce1f1157b029\">\u00a0\u00bfPorqu\u00e9 dar la vuelta al mundo en plan low cost? <\/h2>\n\n\n\n<p>Por dinero, esa es la respuesta sencilla. Pero hay m\u00e1s. Viajar en low cost multiplica tus posibilidades de vivir aventuras, conocer la cultura y a la gente local y llevarte a casa recuerdos imborrables que viajando en un tour no conseguir\u00edas.<\/p>\n\n\n\n<figure class=\"wp-block-image size-large\"><a href=\"https:\/\/i0.wp.com\/999millas.net\/wp-content\/uploads\/2025\/01\/yo-con-ninos.jpg?ssl=1\"><img data-recalc-dims=\"1\" loading=\"lazy\" decoding=\"async\" width=\"640\" height=\"803\" data-attachment-id=\"22970\" data-permalink=\"https:\/\/999millas.net\/en\/screenshot\/\" data-orig-file=\"https:\/\/i0.wp.com\/999millas.net\/wp-content\/uploads\/2025\/01\/yo-con-ninos.jpg?fit=916%2C1150&amp;ssl=1\" data-orig-size=\"916,1150\" data-comments-opened=\"0\" data-image-meta=\"{&quot;aperture&quot;:&quot;0&quot;,&quot;credit&quot;:&quot;&quot;,&quot;camera&quot;:&quot;&quot;,&quot;caption&quot;:&quot;Screenshot&quot;,&quot;created_timestamp&quot;:&quot;0&quot;,&quot;copyright&quot;:&quot;&quot;,&quot;focal_length&quot;:&quot;0&quot;,&quot;iso&quot;:&quot;0&quot;,&quot;shutter_speed&quot;:&quot;0&quot;,&quot;title&quot;:&quot;Screenshot&quot;,&quot;orientation&quot;:&quot;1&quot;}\" data-image-title=\"Screenshot\" data-image-description=\"\" data-image-caption=\"&lt;p&gt;Screenshot&lt;\/p&gt;\" data-medium-file=\"https:\/\/i0.wp.com\/999millas.net\/wp-content\/uploads\/2025\/01\/yo-con-ninos.jpg?fit=239%2C300&amp;ssl=1\" data-large-file=\"https:\/\/i0.wp.com\/999millas.net\/wp-content\/uploads\/2025\/01\/yo-con-ninos.jpg?fit=640%2C803&amp;ssl=1\" src=\"https:\/\/i0.wp.com\/999millas.net\/wp-content\/uploads\/2025\/01\/yo-con-ninos.jpg?resize=640%2C803&#038;ssl=1\" alt=\"\" class=\"wp-image-22970\" srcset=\"https:\/\/i0.wp.com\/999millas.net\/wp-content\/uploads\/2025\/01\/yo-con-ninos.jpg?resize=816%2C1024&amp;ssl=1 816w, https:\/\/i0.wp.com\/999millas.net\/wp-content\/uploads\/2025\/01\/yo-con-ninos.jpg?resize=239%2C300&amp;ssl=1 239w, https:\/\/i0.wp.com\/999millas.net\/wp-content\/uploads\/2025\/01\/yo-con-ninos.jpg?resize=768%2C964&amp;ssl=1 768w, https:\/\/i0.wp.com\/999millas.net\/wp-content\/uploads\/2025\/01\/yo-con-ninos.jpg?w=916&amp;ssl=1 916w\" sizes=\"auto, (max-width: 640px) 100vw, 640px\" \/><\/a><figcaption class=\"wp-element-caption\">Screenshot<\/figcaption><\/figure>\n\n\n\n<p>Hola !! Me llamo Miguel y llevo viajando de mochilero desde los 19 a\u00f1os (por dinero).\u00a0<\/p>\n\n\n\n<p>Mi primer viaje largo fue un Inter Rail por Europa con 19 a\u00f1os (lo he hecho dos veces)<\/p>\n\n\n<div class=\"wp-block-image\">\n<figure class=\"aligncenter\"><a href=\"https:\/\/i0.wp.com\/999millas.net\/wp-content\/uploads\/2017\/11\/Blog1.jpg\" rel=\"attachment wp-att-1773\"><img data-recalc-dims=\"1\" loading=\"lazy\" decoding=\"async\" width=\"640\" height=\"480\" data-attachment-id=\"1773\" data-permalink=\"https:\/\/999millas.net\/en\/about-me\/blog1\/\" data-orig-file=\"https:\/\/i0.wp.com\/999millas.net\/wp-content\/uploads\/2017\/11\/Blog1.jpg?fit=640%2C480&amp;ssl=1\" data-orig-size=\"640,480\" data-comments-opened=\"0\" data-image-meta=\"{&quot;aperture&quot;:&quot;2.2&quot;,&quot;credit&quot;:&quot;&quot;,&quot;camera&quot;:&quot;iPhone SE&quot;,&quot;caption&quot;:&quot;&quot;,&quot;created_timestamp&quot;:&quot;1511688198&quot;,&quot;copyright&quot;:&quot;&quot;,&quot;focal_length&quot;:&quot;4.15&quot;,&quot;iso&quot;:&quot;200&quot;,&quot;shutter_speed&quot;:&quot;0.04&quot;,&quot;title&quot;:&quot;&quot;,&quot;orientation&quot;:&quot;0&quot;}\" data-image-title=\"Blog1\" data-image-description=\"\" data-image-caption=\"\" data-medium-file=\"https:\/\/i0.wp.com\/999millas.net\/wp-content\/uploads\/2017\/11\/Blog1.jpg?fit=300%2C225&amp;ssl=1\" data-large-file=\"https:\/\/i0.wp.com\/999millas.net\/wp-content\/uploads\/2017\/11\/Blog1.jpg?fit=640%2C480&amp;ssl=1\" src=\"https:\/\/i0.wp.com\/999millas.net\/wp-content\/uploads\/2017\/11\/Blog1.jpg?resize=640%2C480\" alt=\"Blog1\" class=\"wp-image-1773\" srcset=\"https:\/\/i0.wp.com\/999millas.net\/wp-content\/uploads\/2017\/11\/Blog1.jpg?w=640&amp;ssl=1 640w, https:\/\/i0.wp.com\/999millas.net\/wp-content\/uploads\/2017\/11\/Blog1.jpg?resize=300%2C225&amp;ssl=1 300w, https:\/\/i0.wp.com\/999millas.net\/wp-content\/uploads\/2017\/11\/Blog1.jpg?resize=400%2C300&amp;ssl=1 400w\" sizes=\"auto, (max-width: 640px) 100vw, 640px\" \/><\/a><\/figure>\n<\/div>\n\n\n<p>Eso era viajar de verdad: sin smartphones, Google etc&#8230;.te comprabas una gu\u00eda de viaje b\u00e1sica y a tirar millas<\/p>\n\n\n<div class=\"wp-block-image\">\n<figure class=\"aligncenter\"><a href=\"https:\/\/i0.wp.com\/999millas.net\/wp-content\/uploads\/2017\/11\/Blogfotoguia.jpg\" rel=\"attachment wp-att-1774\"><img data-recalc-dims=\"1\" loading=\"lazy\" decoding=\"async\" width=\"420\" height=\"640\" data-attachment-id=\"1774\" data-permalink=\"https:\/\/999millas.net\/en\/about-me\/blogfotoguia\/\" data-orig-file=\"https:\/\/i0.wp.com\/999millas.net\/wp-content\/uploads\/2017\/11\/Blogfotoguia.jpg?fit=420%2C640&amp;ssl=1\" data-orig-size=\"420,640\" data-comments-opened=\"0\" data-image-meta=\"{&quot;aperture&quot;:&quot;2.2&quot;,&quot;credit&quot;:&quot;&quot;,&quot;camera&quot;:&quot;iPhone SE&quot;,&quot;caption&quot;:&quot;&quot;,&quot;created_timestamp&quot;:&quot;1511691573&quot;,&quot;copyright&quot;:&quot;&quot;,&quot;focal_length&quot;:&quot;4.15&quot;,&quot;iso&quot;:&quot;25&quot;,&quot;shutter_speed&quot;:&quot;0.00806451612903&quot;,&quot;title&quot;:&quot;&quot;,&quot;orientation&quot;:&quot;0&quot;}\" data-image-title=\"Blogfotoguia\" data-image-description=\"\" data-image-caption=\"\" data-medium-file=\"https:\/\/i0.wp.com\/999millas.net\/wp-content\/uploads\/2017\/11\/Blogfotoguia.jpg?fit=197%2C300&amp;ssl=1\" data-large-file=\"https:\/\/i0.wp.com\/999millas.net\/wp-content\/uploads\/2017\/11\/Blogfotoguia.jpg?fit=420%2C640&amp;ssl=1\" src=\"https:\/\/i0.wp.com\/999millas.net\/wp-content\/uploads\/2017\/11\/Blogfotoguia.jpg?resize=420%2C640\" alt=\"Blogfotoguia\" class=\"wp-image-1774\" srcset=\"https:\/\/i0.wp.com\/999millas.net\/wp-content\/uploads\/2017\/11\/Blogfotoguia.jpg?w=420&amp;ssl=1 420w, https:\/\/i0.wp.com\/999millas.net\/wp-content\/uploads\/2017\/11\/Blogfotoguia.jpg?resize=197%2C300&amp;ssl=1 197w\" sizes=\"auto, (max-width: 420px) 100vw, 420px\" \/><\/a><\/figure>\n<\/div>\n\n\n<p>Mi gu\u00eda de viajes de mi primer Inter Rail por Europa, todav\u00eda la conservo como recuerdo \ud83d\ude42<\/p>\n\n\n\n<p>Cuando cumpl\u00ed 40 me fui a dar la vuelta al mundo tambi\u00e9n de mochilero (pero ahora por diversi\u00f3n) y decid\u00ed empezar este blog para compartir toda la experiencia y todos los sucios trucos aprendidos durante muchos a\u00f1os viajando.<\/p>\n\n\n\n<h2 class=\"wp-block-heading has-vivid-red-color has-text-color has-link-color wp-elements-1103e4c8d079441e3e1ef98a524b42e6\">\u00bfQu\u00e9 puedes esperar de este blog? <\/h2>\n\n\n\n<p>En cada uno de los posts tendr\u00e1s no s\u00f3lo la t\u00edpica informaci\u00f3n de \u201cqu\u00e9 ver en&#8230;\u201d como si fuera una gu\u00eda de viaje sino tambi\u00e9n lo que NO te cuentan las gu\u00edas de viaje: lo que NO debes ver por mucho que te vendan la moto, timos a evitar, horarios y precios del transporte local y apuntes pintorescos sobre la poblaci\u00f3n aut\u00f3ctona.<\/p>\n\n\n\n<p>Seguro que cuando piensas en viajar a alg\u00fan pa\u00eds extra\u00f1o muchos pens\u00e1is en coger un tour y \u201cya est\u00e1\u201d. No tiene porqu\u00e9 ser as\u00ed. Pasaos por el blog y vereis que todos los pa\u00edses son muy accesibles para viajar y que al hacerlo a mi estilo volvereis a casa con m\u00e1s dinero, mas aventuras vividas y m\u00e1s recuerdos imborrables<\/p>\n\n\n\n<h2 class=\"wp-block-heading has-vivid-red-color has-text-color has-link-color wp-elements-d1b5a39152dc6d8017fbb9fa6f5d14cd\">Contenido adicional <\/h2>\n\n\n\n<p>Tambi\u00e9n he dejado alguna secci\u00f3n interesante para el viajero en general:<\/p>\n\n\n\n<h3 class=\"wp-block-heading has-vivid-cyan-blue-color has-text-color has-link-color wp-elements-aad7273cd0a2a5bc94ded39c205006fb\">C\u00f3mo preparar una vuelta al mundo <\/h3>\n\n\n\n<p>Ojala fuera todo tan sencillo como dejar tu trabajo, hacer la mochila y coger el primer tren que veas \u00bfverdad?.&nbsp;<\/p>\n\n\n\n<p>La preparaci\u00f3n no est\u00e1 re\u00f1ida con la espontaneidad. Aunque viajar de mochilero low cost implica grandes dosis de improvisaci\u00f3n cuanto m\u00e1s te lleves todo trabajado de casa mejor te va a ir: vacunas, visados, apps \u00fatiles para viajar, botiqu\u00edn, webs \u00fatiles&#8230;.<\/p>\n\n\n\n<h3 class=\"wp-block-heading has-vivid-cyan-blue-color has-text-color has-link-color wp-elements-839c4ecc5ee6b3ee87a67b40d72c8a0a\">Mapas <\/h3>\n\n\n\n<p>Dejo por aqu\u00ed tambi\u00e9n los mapas de las rutas que he ido haciendo por cada uno de los pa\u00edses por si a alguien le sirven de algo; tambi\u00e9n \u201ccoger\u00e9 prestado\u201d alg\u00fan otro mapa de viajeros famosos que han hecho rutas muy curiosas por si os sirven de inspiraci\u00f3n.<\/p>\n\n\n\n<h2 class=\"wp-block-heading has-vivid-red-color has-text-color has-link-color wp-elements-b9006048bc5d4833c1660bb629e2df05\">Pasado, presente y futuro <\/h2>\n\n\n\n<h3 class=\"wp-block-heading has-vivid-cyan-blue-color has-text-color has-link-color wp-elements-bdc7e587eb2fdd07aa7d443eb8228bc8\">De momento esto es lo que he recorrido ya<\/h3>\n\n\n\n<p><b>AMERICA<\/b><\/p>\n\n\n\n<p>EEUU, Mexico ,Cuba, Colombia, Ecuador, Peru, Bolivia, Chile, Argentina, Brasil, Uruguay, Rep Dominicana, Guatemala y Panam\u00e1<\/p>\n\n\n\n<p><strong>EUROPA<\/strong><\/p>\n\n\n\n<p>Alemania, Inglaterra, Francia, Italia, Polonia, Rumania, Pa\u00edses Bajos, Grecia, B\u00e9lgica, Rep\u00fablica Checa, Portugal, Hungr\u00eda, Austria, Suiza ,Serbia, Noruega, Irlanda, Croacia, Lituania, Luxemburgo, Malta, Andorra,Rusia, Bulgaria, Dinamarca y Bosnia<\/p>\n\n\n\n<p><strong>AFRICA<\/strong><\/p>\n\n\n\n<p>Marruecos y Tanzania<\/p>\n\n\n\n<p><strong>ASIA<\/strong><\/p>\n\n\n\n<p>Arabia Saud\u00ed, Armenia, Azerbaiy\u00e1n, Myanmar, Camboya, China, Filipinas, Georgia, India, Indonesia, Ir\u00e1n, Israel, Jap\u00f3n, Jordania, Laos , Malasia, Oman, Qatar, Sri Lanka, Tailandia, Turqu\u00eda, Vietnam y Uzbekistan, y EAU<\/p>\n\n\n\n<p><strong>OCEANIA<\/strong><\/p>\n\n\n\n<p>Australia y Nueva Zelanda<\/p>\n\n\n\n<p>No te voy a pedir que leas mi blog. No te voy a pedir que compres mi libro o que hagas un clic en un enlace patrocinado<\/p>\n\n\n\n<p>Lo \u00fanico que puedo proporcionarte en mi blog es INFORMACION HONESTA Y FIABLE. No le hago publicidad a nadie y publico la informaci\u00f3n que a m\u00ed me gustar\u00eda que alguien me diera antes de empezar un viaje.<\/p>\n\n\n\n<h3 class=\"wp-block-heading has-vivid-cyan-blue-color has-text-color has-link-color wp-elements-8b1ca6cf532dd186812335a3bf01e553\">Pr\u00f3ximos proyectos<\/h3>\n\n\n\n<p>Afortunadamente por mucha vuelta al mundo que des siempre te dejas muchas cosas en el tintero. \u00bfCuales son mis proyectos para los siguientes a\u00f1os? Ah\u00ed van:<\/p>\n\n\n\n<p>1.- <span style=\"text-decoration: underline;\">La Ruta de la Seda<\/span><\/p>\n\n\n\n<p>Desde Xi\u00b4an (China) hasta Mashad (Iran) miles de km viajando por las m\u00e1s regiones remotas de China y atravesando el Asia Central. !! Empec\u00e9 en 2019 y ya casi la he terminado !!<\/p>\n\n\n\n<p>2.- <span style=\"text-decoration: underline;\">El Transiberiano<\/span><\/p>\n\n\n\n<p>Si saco un par de semanas libres me gustar\u00eda hacer una ruta r\u00e1pida desde San Petesburgo hasta Vladivostok<\/p>\n\n\n\n<p>3.- <span style=\"text-decoration: underline;\">Del Cairo al Cabo<\/span><\/p>\n\n\n\n<p>Hace un tiempo le\u00ed que los chavales ingleses de la \u00e9lite aristocr\u00e1tica \u00a0en el S XIX hac\u00edan este viaje en su gap year y quiero que sea mi guinda de pastel viajero, si lo consigo ya me jubilo jaja<\/p>\n\n\n\n<figure class=\"wp-block-image\"><a href=\"https:\/\/i0.wp.com\/999millas.net\/wp-content\/uploads\/2015\/10\/PAMUKKALE-Flotando-sobre-la-roca.jpg\"><img data-recalc-dims=\"1\" loading=\"lazy\" decoding=\"async\" width=\"300\" height=\"225\" data-attachment-id=\"5\" data-permalink=\"https:\/\/999millas.net\/en\/about-me\/pamukkale-flotando-sobre-la-roca\/\" data-orig-file=\"https:\/\/i0.wp.com\/999millas.net\/wp-content\/uploads\/2015\/10\/PAMUKKALE-Flotando-sobre-la-roca.jpg?fit=2272%2C1704&amp;ssl=1\" data-orig-size=\"2272,1704\" data-comments-opened=\"0\" data-image-meta=\"{&quot;aperture&quot;:&quot;5.6&quot;,&quot;credit&quot;:&quot;&quot;,&quot;camera&quot;:&quot;Canon PowerShot A430&quot;,&quot;caption&quot;:&quot;&quot;,&quot;created_timestamp&quot;:&quot;1210071086&quot;,&quot;copyright&quot;:&quot;&quot;,&quot;focal_length&quot;:&quot;5.4&quot;,&quot;iso&quot;:&quot;0&quot;,&quot;shutter_speed&quot;:&quot;0.0008&quot;,&quot;title&quot;:&quot;&quot;,&quot;orientation&quot;:&quot;1&quot;}\" data-image-title=\"Flotando sobre las nubes de Pamukkale\" data-image-description=\"\" data-image-caption=\"\" data-medium-file=\"https:\/\/i0.wp.com\/999millas.net\/wp-content\/uploads\/2015\/10\/PAMUKKALE-Flotando-sobre-la-roca.jpg?fit=300%2C225&amp;ssl=1\" data-large-file=\"https:\/\/i0.wp.com\/999millas.net\/wp-content\/uploads\/2015\/10\/PAMUKKALE-Flotando-sobre-la-roca.jpg?fit=640%2C480&amp;ssl=1\" src=\"https:\/\/i0.wp.com\/999millas.net\/wp-content\/uploads\/2015\/10\/PAMUKKALE-Flotando-sobre-la-roca-300x225.jpg?resize=300%2C225\" alt=\"Flotando sobre las nubes de Pamukkale\" class=\"wp-image-5\" srcset=\"https:\/\/i0.wp.com\/999millas.net\/wp-content\/uploads\/2015\/10\/PAMUKKALE-Flotando-sobre-la-roca.jpg?resize=300%2C225&amp;ssl=1 300w, https:\/\/i0.wp.com\/999millas.net\/wp-content\/uploads\/2015\/10\/PAMUKKALE-Flotando-sobre-la-roca.jpg?resize=1024%2C768&amp;ssl=1 1024w, https:\/\/i0.wp.com\/999millas.net\/wp-content\/uploads\/2015\/10\/PAMUKKALE-Flotando-sobre-la-roca.jpg?w=1280&amp;ssl=1 1280w, https:\/\/i0.wp.com\/999millas.net\/wp-content\/uploads\/2015\/10\/PAMUKKALE-Flotando-sobre-la-roca.jpg?w=1920&amp;ssl=1 1920w\" sizes=\"auto, (max-width: 300px) 100vw, 300px\" \/><\/a><\/figure>\n\n\n\n<p>Pues nada, espero que disfrut\u00e9is este viaje conmigo !<\/p>","protected":false},"excerpt":{"rendered":"<p>\u00a0\u00bfPorqu\u00e9 dar la vuelta al mundo en plan low cost? Por dinero, esa es la respuesta sencilla. Pero hay m\u00e1s. Viajar en low cost multiplica tus posibilidades de vivir aventuras, conocer la cultura y a la gente local y llevarte a casa recuerdos imborrables que viajando en un tour no conseguir\u00edas. Hola !! Me llamo [&hellip;]<\/p>","protected":false},"author":1,"featured_media":0,"parent":0,"menu_order":0,"comment_status":"closed","ping_status":"closed","template":"","meta":{"jetpack_post_was_ever_published":false,"footnotes":""},"class_list":["post-4","page","type-page","status-publish","hentry"],"yoast_head":"<!-- This site is optimized with the Yoast SEO plugin v27.2 - https:\/\/yoast.com\/product\/yoast-seo-wordpress\/ -->\n<title>Sobre m\u00ed - 999 Millas<\/title>\n<meta name=\"robots\" content=\"index, follow, max-snippet:-1, max-image-preview:large, max-video-preview:-1\" \/>\n<link rel=\"canonical\" href=\"https:\/\/999millas.net\/en\/about-me\/\" \/>\n<meta property=\"og:locale\" content=\"en_US\" \/>\n<meta property=\"og:type\" content=\"article\" \/>\n<meta property=\"og:title\" content=\"Sobre m\u00ed - 999 Millas\" \/>\n<meta property=\"og:description\" content=\"\u00a0\u00bfPorqu\u00e9 dar la vuelta al mundo en plan low cost? Por dinero, esa es la respuesta sencilla. Pero hay m\u00e1s. Viajar en low cost multiplica tus posibilidades de vivir aventuras, conocer la cultura y a la gente local y llevarte a casa recuerdos imborrables que viajando en un tour no conseguir\u00edas. Hola !! Me llamo [&hellip;]\" \/>\n<meta property=\"og:url\" content=\"https:\/\/999millas.net\/en\/about-me\/\" \/>\n<meta property=\"og:site_name\" content=\"999 Millas\" \/>\n<meta property=\"article:modified_time\" content=\"2025-03-01T09:01:32+00:00\" \/>\n<meta property=\"og:image\" content=\"https:\/\/999millas.net\/wp-content\/uploads\/2025\/01\/yo-con-ninos-816x1024.jpg\" \/>\n<meta name=\"twitter:card\" content=\"summary_large_image\" \/>\n<meta name=\"twitter:site\" content=\"@999millas\" \/>\n<meta name=\"twitter:label1\" content=\"Est. reading time\" \/>\n\t<meta name=\"twitter:data1\" content=\"3 minutes\" \/>\n<script type=\"application\/ld+json\" class=\"yoast-schema-graph\">{\"@context\":\"https:\/\/schema.org\",\"@graph\":[{\"@type\":\"WebPage\",\"@id\":\"https:\/\/999millas.net\/about-me\/\",\"url\":\"https:\/\/999millas.net\/about-me\/\",\"name\":\"Sobre m\u00ed - 999 Millas\",\"isPartOf\":{\"@id\":\"https:\/\/999millas.net\/#website\"},\"primaryImageOfPage\":{\"@id\":\"https:\/\/999millas.net\/about-me\/#primaryimage\"},\"image\":{\"@id\":\"https:\/\/999millas.net\/about-me\/#primaryimage\"},\"thumbnailUrl\":\"https:\/\/999millas.net\/wp-content\/uploads\/2025\/01\/yo-con-ninos-816x1024.jpg\",\"datePublished\":\"2015-10-25T17:41:17+00:00\",\"dateModified\":\"2025-03-01T09:01:32+00:00\",\"breadcrumb\":{\"@id\":\"https:\/\/999millas.net\/about-me\/#breadcrumb\"},\"inLanguage\":\"en-US\",\"potentialAction\":[{\"@type\":\"ReadAction\",\"target\":[\"https:\/\/999millas.net\/about-me\/\"]}]},{\"@type\":\"ImageObject\",\"inLanguage\":\"en-US\",\"@id\":\"https:\/\/999millas.net\/about-me\/#primaryimage\",\"url\":\"https:\/\/999millas.net\/wp-content\/uploads\/2025\/01\/yo-con-ninos-816x1024.jpg\",\"contentUrl\":\"https:\/\/999millas.net\/wp-content\/uploads\/2025\/01\/yo-con-ninos-816x1024.jpg\"},{\"@type\":\"BreadcrumbList\",\"@id\":\"https:\/\/999millas.net\/about-me\/#breadcrumb\",\"itemListElement\":[{\"@type\":\"ListItem\",\"position\":1,\"name\":\"Home\",\"item\":\"https:\/\/999millas.net\/\"},{\"@type\":\"ListItem\",\"position\":2,\"name\":\"Sobre m\u00ed\"}]},{\"@type\":\"WebSite\",\"@id\":\"https:\/\/999millas.net\/#website\",\"url\":\"https:\/\/999millas.net\/\",\"name\":\"999 Millas\",\"description\":\"La Vuelta al Mundo en Low Cost\",\"publisher\":{\"@id\":\"https:\/\/999millas.net\/#\/schema\/person\/b524a24b59fab0e7a10b430add8f04e4\"},\"potentialAction\":[{\"@type\":\"SearchAction\",\"target\":{\"@type\":\"EntryPoint\",\"urlTemplate\":\"https:\/\/999millas.net\/?s={search_term_string}\"},\"query-input\":{\"@type\":\"PropertyValueSpecification\",\"valueRequired\":true,\"valueName\":\"search_term_string\"}}],\"inLanguage\":\"en-US\"},{\"@type\":[\"Person\",\"Organization\"],\"@id\":\"https:\/\/999millas.net\/#\/schema\/person\/b524a24b59fab0e7a10b430add8f04e4\",\"name\":\"Mike !\",\"image\":{\"@type\":\"ImageObject\",\"inLanguage\":\"en-US\",\"@id\":\"https:\/\/i0.wp.com\/999millas.net\/wp-content\/uploads\/2025\/03\/Logo-4.png?fit=172%2C209&ssl=1\",\"url\":\"https:\/\/i0.wp.com\/999millas.net\/wp-content\/uploads\/2025\/03\/Logo-4.png?fit=172%2C209&ssl=1\",\"contentUrl\":\"https:\/\/i0.wp.com\/999millas.net\/wp-content\/uploads\/2025\/03\/Logo-4.png?fit=172%2C209&ssl=1\",\"width\":172,\"height\":209,\"caption\":\"Mike !\"},\"logo\":{\"@id\":\"https:\/\/i0.wp.com\/999millas.net\/wp-content\/uploads\/2025\/03\/Logo-4.png?fit=172%2C209&ssl=1\"},\"sameAs\":[\"999millas\",\"https:\/\/x.com\/999millas\"]}]}<\/script>\n<!-- \/ Yoast SEO plugin. -->","yoast_head_json":{"title":"Sobre m\u00ed - 999 Millas","robots":{"index":"index","follow":"follow","max-snippet":"max-snippet:-1","max-image-preview":"max-image-preview:large","max-video-preview":"max-video-preview:-1"},"canonical":"https:\/\/999millas.net\/en\/about-me\/","og_locale":"en_US","og_type":"article","og_title":"Sobre m\u00ed - 999 Millas","og_description":"\u00a0\u00bfPorqu\u00e9 dar la vuelta al mundo en plan low cost? Por dinero, esa es la respuesta sencilla. Pero hay m\u00e1s. Viajar en low cost multiplica tus posibilidades de vivir aventuras, conocer la cultura y a la gente local y llevarte a casa recuerdos imborrables que viajando en un tour no conseguir\u00edas. Hola !! Me llamo [&hellip;]","og_url":"https:\/\/999millas.net\/en\/about-me\/","og_site_name":"999 Millas","article_modified_time":"2025-03-01T09:01:32+00:00","og_image":[{"url":"https:\/\/999millas.net\/wp-content\/uploads\/2025\/01\/yo-con-ninos-816x1024.jpg","type":"","width":"","height":""}],"twitter_card":"summary_large_image","twitter_site":"@999millas","twitter_misc":{"Est. reading time":"3 minutes"},"schema":{"@context":"https:\/\/schema.org","@graph":[{"@type":"WebPage","@id":"https:\/\/999millas.net\/about-me\/","url":"https:\/\/999millas.net\/about-me\/","name":"Sobre m\u00ed - 999 Millas","isPartOf":{"@id":"https:\/\/999millas.net\/#website"},"primaryImageOfPage":{"@id":"https:\/\/999millas.net\/about-me\/#primaryimage"},"image":{"@id":"https:\/\/999millas.net\/about-me\/#primaryimage"},"thumbnailUrl":"https:\/\/999millas.net\/wp-content\/uploads\/2025\/01\/yo-con-ninos-816x1024.jpg","datePublished":"2015-10-25T17:41:17+00:00","dateModified":"2025-03-01T09:01:32+00:00","breadcrumb":{"@id":"https:\/\/999millas.net\/about-me\/#breadcrumb"},"inLanguage":"en-US","potentialAction":[{"@type":"ReadAction","target":["https:\/\/999millas.net\/about-me\/"]}]},{"@type":"ImageObject","inLanguage":"en-US","@id":"https:\/\/999millas.net\/about-me\/#primaryimage","url":"https:\/\/999millas.net\/wp-content\/uploads\/2025\/01\/yo-con-ninos-816x1024.jpg","contentUrl":"https:\/\/999millas.net\/wp-content\/uploads\/2025\/01\/yo-con-ninos-816x1024.jpg"},{"@type":"BreadcrumbList","@id":"https:\/\/999millas.net\/about-me\/#breadcrumb","itemListElement":[{"@type":"ListItem","position":1,"name":"Home","item":"https:\/\/999millas.net\/"},{"@type":"ListItem","position":2,"name":"Sobre m\u00ed"}]},{"@type":"WebSite","@id":"https:\/\/999millas.net\/#website","url":"https:\/\/999millas.net\/","name":"999 Millas","description":"La Vuelta al Mundo en Low Cost","publisher":{"@id":"https:\/\/999millas.net\/#\/schema\/person\/b524a24b59fab0e7a10b430add8f04e4"},"potentialAction":[{"@type":"SearchAction","target":{"@type":"EntryPoint","urlTemplate":"https:\/\/999millas.net\/?s={search_term_string}"},"query-input":{"@type":"PropertyValueSpecification","valueRequired":true,"valueName":"search_term_string"}}],"inLanguage":"en-US"},{"@type":["Person","Organization"],"@id":"https:\/\/999millas.net\/#\/schema\/person\/b524a24b59fab0e7a10b430add8f04e4","name":"Mike !","image":{"@type":"ImageObject","inLanguage":"en-US","@id":"https:\/\/i0.wp.com\/999millas.net\/wp-content\/uploads\/2025\/03\/Logo-4.png?fit=172%2C209&ssl=1","url":"https:\/\/i0.wp.com\/999millas.net\/wp-content\/uploads\/2025\/03\/Logo-4.png?fit=172%2C209&ssl=1","contentUrl":"https:\/\/i0.wp.com\/999millas.net\/wp-content\/uploads\/2025\/03\/Logo-4.png?fit=172%2C209&ssl=1","width":172,"height":209,"caption":"Mike !"},"logo":{"@id":"https:\/\/i0.wp.com\/999millas.net\/wp-content\/uploads\/2025\/03\/Logo-4.png?fit=172%2C209&ssl=1"},"sameAs":["999millas","https:\/\/x.com\/999millas"]}]}},"jetpack_sharing_enabled":true,"jetpack_shortlink":"https:\/\/wp.me\/P6SJpy-4","jetpack-related-posts":[{"id":293,"url":"https:\/\/999millas.net\/en\/preparar-una-vuelta-al-mundo\/preparativos\/","url_meta":{"origin":4,"position":0},"title":"Preparativos","author":"Mike !","date":"December 16, 2015","format":false,"excerpt":"Preparativos para dejarlo todo e irnos de viaje...no es f\u00e1cil organizarse para dejar todo arreglado para tu salida (y para tu vuelta). Aqu\u00ed os dejo algunos consejos IMPUESTOS Y BANCOS Aunque t\u00fa te olvides de Hacienda y de los bancos en tu viaje , estos no se van a olvidar\u2026","rel":"","context":"Similar post","block_context":{"text":"Similar post","link":""},"img":{"alt_text":"","src":"","width":0,"height":0},"classes":[]},{"id":266,"url":"https:\/\/999millas.net\/en\/preparar-una-vuelta-al-mundo\/billete-de-avion-round-the-world\/","url_meta":{"origin":4,"position":1},"title":"Billetes de avi\u00f3n Round-The-World","author":"Mike !","date":"December 8, 2015","format":false,"excerpt":"Quieres sacar un billete de avion round-the-world y no sabes por donde empezar...no pasa nada, aqu\u00ed estoy yo :) Hay dos maneras de sacar un vuelo-alrededor-del-mundo (en ingles , RTW ticket): directamente a trav\u00e9s de una compa\u00f1\u00eda a\u00e9rea o a trav\u00e9s de una agencia especializada. Aqu\u00ed os comentar\u00e9 mi experiencia\u2026","rel":"","context":"Similar post","block_context":{"text":"Similar post","link":""},"img":{"alt_text":"","src":"","width":0,"height":0},"classes":[]},{"id":1233,"url":"https:\/\/999millas.net\/en\/preparar-una-vuelta-al-mundo\/mi-equipo\/","url_meta":{"origin":4,"position":2},"title":"Mi equipo","author":"Mike !","date":"November 15, 2016","format":false,"excerpt":"Cuando voy a estar 11-12 meses recorriendo el mundo sin pasar por casa...\u00bfqu\u00e9 debo llevarme? Esta es la descripci\u00f3n del equipo que voy a llevar en mi segunda vuelta al mundo ; respecto de la primera s\u00f3lo he a\u00f1adido algunas cosas para camping\/trekking\u00a0 : MOCHILA GRANDE : +-13 Kg 1.-\u2026","rel":"","context":"Similar post","block_context":{"text":"Similar post","link":""},"img":{"alt_text":"","src":"https:\/\/i0.wp.com\/999millas.net\/wp-content\/uploads\/2016\/11\/IMG_0281.jpg?fit=1200%2C896&ssl=1&resize=350%2C200","width":350,"height":200,"srcset":"https:\/\/i0.wp.com\/999millas.net\/wp-content\/uploads\/2016\/11\/IMG_0281.jpg?fit=1200%2C896&ssl=1&resize=350%2C200 1x, https:\/\/i0.wp.com\/999millas.net\/wp-content\/uploads\/2016\/11\/IMG_0281.jpg?fit=1200%2C896&ssl=1&resize=525%2C300 1.5x, https:\/\/i0.wp.com\/999millas.net\/wp-content\/uploads\/2016\/11\/IMG_0281.jpg?fit=1200%2C896&ssl=1&resize=700%2C400 2x, https:\/\/i0.wp.com\/999millas.net\/wp-content\/uploads\/2016\/11\/IMG_0281.jpg?fit=1200%2C896&ssl=1&resize=1050%2C600 3x"},"classes":[]},{"id":273,"url":"https:\/\/999millas.net\/en\/preparar-una-vuelta-al-mundo\/apps-utiles\/","url_meta":{"origin":4,"position":3},"title":"Apps \u00fatiles","author":"Mike !","date":"December 8, 2015","format":false,"excerpt":"Apps \u00fatiles para viajar o simplemente divertidas : ORIENTACION 1.- Maps.me : como el Google Maps y tambi\u00e9n funciona off line 2.- Wikiloc : Busca (o graba) tus rutas de senderismo 3.- Commander Compass : M\u00e1s que una br\u00fajula , con GPS , mapas , girocompas.... - ALOJAMIENTO 1.- Couchsurfing\u2026","rel":"","context":"Similar post","block_context":{"text":"Similar post","link":""},"img":{"alt_text":"","src":"","width":0,"height":0},"classes":[]}],"_links":{"self":[{"href":"https:\/\/999millas.net\/en\/wp-json\/wp\/v2\/pages\/4","targetHints":{"allow":["GET"]}}],"collection":[{"href":"https:\/\/999millas.net\/en\/wp-json\/wp\/v2\/pages"}],"about":[{"href":"https:\/\/999millas.net\/en\/wp-json\/wp\/v2\/types\/page"}],"author":[{"embeddable":true,"href":"https:\/\/999millas.net\/en\/wp-json\/wp\/v2\/users\/1"}],"replies":[{"embeddable":true,"href":"https:\/\/999millas.net\/en\/wp-json\/wp\/v2\/comments?post=4"}],"version-history":[{"count":0,"href":"https:\/\/999millas.net\/en\/wp-json\/wp\/v2\/pages\/4\/revisions"}],"wp:attachment":[{"href":"https:\/\/999millas.net\/en\/wp-json\/wp\/v2\/media?parent=4"}],"curies":[{"name":"wp","href":"https:\/\/api.w.org\/{rel}","templated":true}]}}