{"id":293,"date":"2015-12-16T18:49:53","date_gmt":"2015-12-16T18:49:53","guid":{"rendered":"http:\/\/999millas.net\/?page_id=293"},"modified":"2016-11-15T10:32:12","modified_gmt":"2016-11-15T10:32:12","slug":"preparativos","status":"publish","type":"page","link":"https:\/\/999millas.net\/en\/preparar-una-vuelta-al-mundo\/preparativos\/","title":{"rendered":"Preparativos"},"content":{"rendered":"<p>Preparativos para dejarlo todo e irnos de viaje&#8230;no es f\u00e1cil organizarse para dejar todo arreglado para tu salida (y para tu vuelta). Aqu\u00ed os dejo algunos consejos<\/p>\n<p><strong><span style=\"color: #ff0000;\">IMPUESTOS Y BANCOS<\/span><\/strong><\/p>\n<p>Aunque t\u00fa te olvides de Hacienda y de los bancos en tu viaje , estos no se van a olvidar de ti&#8230;<\/p>\n<p>Hay <span style=\"color: #0000ff;\">impuestos<\/span> que tienes que seguir pagando (el impuesto de veh\u00edculos de tracci\u00f3n mec\u00e1nica , el IBI&#8230;) y lo mejor es que los domicilies en alguna cuenta bancaria. El hecho de que ya no estes en Espa\u00f1a y que la Administraci\u00f3n no te pueda notificar nada no significa que la maquinaria de Hacienda se pare , te los van a seguir reclamando&#8230;.<\/p>\n<p><span style=\"color: #0000ff;\">Notificaciones<\/span> : si vas a dejar tu actual domicilio y no queda all\u00ed nadie de confianza (o nadie en absoluto) que reciba las notificaciones a tu nombre es bueno que busques un domicilio para recibirlas. Esto es especialmente importante para :<\/p>\n<p>** <span style=\"text-decoration: underline;\">Notificaciones que tengan que ver con tu coche<\/span> : multas (si le dejas un coche a un familiar o amigo) o con impuestos o el seguro. Acude a la Direcci\u00f3n General de Tr\u00e1fico de tu provincia\/municipio , a tu Ayuntamiento y a tu compa\u00f1\u00eda de seguros para informales de tu cambio de domicilio.<\/p>\n<p>** <span style=\"text-decoration: underline;\">Notificaciones que tengan que ver con otros impuestos<\/span> (IRPF , temas de Seguridad Social&#8230;) : Tambi\u00e9n aqu\u00ed es bueno que acudas a tu oficina m\u00e1s cercana de la Agencia Tributaria o de la Seguridad Social para comunicarles tu cambio de domicilio.<\/p>\n<p><span style=\"color: #0000ff;\">Apoderamientos<\/span> : Nunca se sabe si tendr\u00e1s que realizar alg\u00fan tramite o papeleo frente a los bancos mientras est\u00e9s de viaje. Por eso si tienes alg\u00fan inter\u00e9s econ\u00f3mico necesitado de cuidado haz un poder general a alg\u00fan familiar para que pueda actuar en tu nombre.<\/p>\n<p><strong><span style=\"color: #ff0000;\">DOCUMENTACION<\/span><\/strong><\/p>\n<p>Hay pa\u00edses te van a pedir un <span style=\"color: #0000ff;\">pasaporte<\/span> que no expire antes de dos a\u00f1os , 6 meses&#8230;. ; aseg\u00farate adem\u00e1s de que tienes suficientes hojas libres para todos los sellos que te van a ir poniendo.<\/p>\n<p>Haz una <span style=\"color: #0000ff;\">copia de todos tus documentos importantes<\/span> (DNI , pasaporte , tarjetas de cr\u00e9dito) y d\u00e9jala a buen recaudo.<\/p>\n<p><strong><span style=\"color: #ff0000;\">SALUD<\/span><\/strong><\/p>\n<p>El <span style=\"color: #0000ff;\">seguro m\u00e9dico<\/span> es la parte m\u00e1s importante de tus preparativos. Ya se que hay muchas ofertas por ah\u00ed , muchos \u201cchollos\u201d pero al final lo importante es lo que firmas , m\u00e1s concretamente las condiciones generales de contrataci\u00f3n (s\u00ed , esa letra peque\u00f1a tan odiosa&#8230;). Si un seguro es muy barato ten claro que la cobertura no ser\u00e1 muy buena , nadie regala duros a cuatro pesetas y mucho menos una aseguradora.<\/p>\n<p>Si vas a pasar por Europa s\u00e1cate la <span style=\"color: #0000ff;\">Tarjeta Sanitaria Europea<\/span> , es gratis.<\/p>\n<p>Es bueno hacerte una revisi\u00f3n general y pasar por el dentista antes de salir.<\/p>\n<p>Y por \u00faltimo las <span style=\"color: #0000ff;\">vacunas<\/span> ; os dejo un enlace del Ministerio de Sanidad que es muy util : <a href=\"http:\/\/www.msssi.gob.es\/sanitarios\/consejos\/vacExt.do\">http:\/\/www.msssi.gob.es\/sanitarios\/consejos\/vacExt.do<\/a><\/p>\n<p><strong><span style=\"color: #ff0000;\">TELEFONO<\/span><\/strong><\/p>\n<p>No tiene sentido mantener ning\u00fan contrato verdad ? C\u00e1mbiate a tarjeta prepago para seguir manteniendo tu numero de tel\u00e9fono y no pagar nada durante el viaje.<\/p>\n<p><strong><span style=\"color: #ff0000;\">SEGURIDAD<\/span><\/strong><\/p>\n<p>El Ministerio de Asuntos Exteriores te informa en su web de los lugares considerados como peligrosos , adem\u00e1s de tener un registro de viajeros en este enlace : <a href=\"http:\/\/www.exteriores.gob.es\/PORTAL\/ES\/SERVICIOSALCIUDADANO\/SIVIAJASALEXTRANJERO\/Paginas\/InscribeteEnElRegistroDeViajeros.aspx\">http:\/\/www.exteriores.gob.es\/PORTAL\/ES\/SERVICIOSALCIUDADANO\/SIVIAJASALEXTRANJERO\/Paginas\/InscribeteEnElRegistroDeViajeros.aspx<\/a><\/p>\n<p>Deja tambi\u00e9n a alguien de confianza tu ruta si has sacado un round the world ticket<\/p>\n<p><strong><span style=\"color: #ff0000;\">VISADOS<\/span><\/strong><\/p>\n<p>Es mejor llevar algo controlado el tema de los visados antes de salir , porque en algunos pa\u00edses es algo farragoso. Os dejo algunos enlaces de informaci\u00f3n en pa\u00edses algo especiales en este tema&#8230;<\/p>\n<p><span style=\"color: #0000ff;\">Australia<\/span><\/p>\n<p><a href=\"http:\/\/www.border.gov.au\/Trav\/Visa-1\">http:\/\/www.border.gov.au\/Trav\/Visa-1<\/a><\/p>\n<p><a href=\"http:\/\/www.border.gov.au\/Trav\/Ente\/Goin\/Arrival\/Air-Travel\">http:\/\/www.border.gov.au\/Trav\/Ente\/Goin\/Arrival\/Air-Travel<\/a><\/p>\n<p>Para <span style=\"color: #0000ff;\">Vietnam<\/span> a fecha de este post (diciembre de 2015) s\u00f3lo hay visado on arrival y gratuito por 15 d\u00edas<\/p>\n<p><span style=\"color: #0000ff;\">Indonesia<\/span><\/p>\n<p><a href=\"http:\/\/embajadaindonesia.es\/como-obtener-el-visado\/\">http:\/\/embajadaindonesia.es\/como-obtener-el-visado\/<\/a><\/p>\n<p><span style=\"color: #0000ff;\">India<\/span><\/p>\n<p><a href=\"https:\/\/indianvisaonline.gov.in\/visa\/tvoa.html\">https:\/\/indianvisaonline.gov.in\/visa\/tvoa.html<\/a><\/p>\n<p><span style=\"color: #0000ff;\">Myanmar<\/span><\/p>\n<p><a href=\"http:\/\/evisa.moip.gov.mm\/\">http:\/\/evisa.moip.gov.mm\/<\/a><\/p>\n<p><span style=\"color: #0000ff;\">Estados Unidos<\/span><\/p>\n<p><span style=\"background-color: #ffffff;\">S<\/span>e necesita un autorizaci\u00f3n de viaje que se obtiene electr\u00f3nicamente : la ESTA<\/p>\n<p><a href=\"http:\/\/www.esta.es\/guia-esta\/que-es-el-esta\">http:\/\/www.esta.es\/guia-esta\/que-es-el-esta<\/a><\/p>\n<p><span style=\"color: #0000ff;\">China<\/span><\/p>\n<p>Obtener el visado , sobre todo si lo pides fuera de tu pa\u00eds , puede ser un dolor de cabeza&#8230;<\/p>\n<p><a href=\"https:\/\/www.visaforchina.org\/MAD_ES\/generalinformation\/visaknowledge\/index.shtml\">https:\/\/www.visaforchina.org\/MAD_ES\/generalinformation\/visaknowledge\/index.shtml<\/a><\/p>\n<p>El enlace es de una empresa privada &#8211; con la que no tengo relaci\u00f3n alguna &#8211; pero lo explica muy bien<\/p>\n<p>Seguro que me he dejado muchas cosas en el tintero as\u00ed que cualquier colaboraci\u00f3n ser\u00e1 bienvenida !!<\/p>\n<p><em>Mike !<\/em><\/p>","protected":false},"excerpt":{"rendered":"<p>Preparativos para dejarlo todo e irnos de viaje&#8230;no es f\u00e1cil organizarse para dejar todo arreglado para tu salida (y para tu vuelta). Aqu\u00ed os dejo algunos consejos IMPUESTOS Y BANCOS Aunque t\u00fa te olvides de Hacienda y de los bancos en tu viaje , estos no se van a olvidar de ti&#8230; Hay impuestos que [&hellip;]<\/p>","protected":false},"author":1,"featured_media":0,"parent":263,"menu_order":0,"comment_status":"closed","ping_status":"closed","template":"","meta":{"jetpack_post_was_ever_published":false,"footnotes":""},"class_list":["post-293","page","type-page","status-publish","hentry"],"yoast_head":"<!-- This site is optimized with the Yoast SEO plugin v27.2 - https:\/\/yoast.com\/product\/yoast-seo-wordpress\/ -->\n<title>Preparativos - 999 Millas<\/title>\n<meta name=\"robots\" content=\"index, follow, max-snippet:-1, max-image-preview:large, max-video-preview:-1\" \/>\n<link rel=\"canonical\" href=\"https:\/\/999millas.net\/en\/preparar-una-vuelta-al-mundo\/preparativos\/\" \/>\n<meta property=\"og:locale\" content=\"en_US\" \/>\n<meta property=\"og:type\" content=\"article\" \/>\n<meta property=\"og:title\" content=\"Preparativos - 999 Millas\" \/>\n<meta property=\"og:description\" content=\"Preparativos para dejarlo todo e irnos de viaje&#8230;no es f\u00e1cil organizarse para dejar todo arreglado para tu salida (y para tu vuelta). Aqu\u00ed os dejo algunos consejos IMPUESTOS Y BANCOS Aunque t\u00fa te olvides de Hacienda y de los bancos en tu viaje , estos no se van a olvidar de ti&#8230; Hay impuestos que [&hellip;]\" \/>\n<meta property=\"og:url\" content=\"https:\/\/999millas.net\/en\/preparar-una-vuelta-al-mundo\/preparativos\/\" \/>\n<meta property=\"og:site_name\" content=\"999 Millas\" \/>\n<meta property=\"article:modified_time\" content=\"2016-11-15T10:32:12+00:00\" \/>\n<meta name=\"twitter:card\" content=\"summary_large_image\" \/>\n<meta name=\"twitter:site\" content=\"@999millas\" \/>\n<meta name=\"twitter:label1\" content=\"Est. reading time\" \/>\n\t<meta name=\"twitter:data1\" content=\"4 minutes\" \/>\n<script type=\"application\/ld+json\" class=\"yoast-schema-graph\">{\"@context\":\"https:\/\/schema.org\",\"@graph\":[{\"@type\":\"WebPage\",\"@id\":\"https:\/\/999millas.net\/preparar-una-vuelta-al-mundo\/preparativos\/\",\"url\":\"https:\/\/999millas.net\/preparar-una-vuelta-al-mundo\/preparativos\/\",\"name\":\"Preparativos - 999 Millas\",\"isPartOf\":{\"@id\":\"https:\/\/999millas.net\/#website\"},\"datePublished\":\"2015-12-16T18:49:53+00:00\",\"dateModified\":\"2016-11-15T10:32:12+00:00\",\"breadcrumb\":{\"@id\":\"https:\/\/999millas.net\/preparar-una-vuelta-al-mundo\/preparativos\/#breadcrumb\"},\"inLanguage\":\"en-US\",\"potentialAction\":[{\"@type\":\"ReadAction\",\"target\":[\"https:\/\/999millas.net\/preparar-una-vuelta-al-mundo\/preparativos\/\"]}]},{\"@type\":\"BreadcrumbList\",\"@id\":\"https:\/\/999millas.net\/preparar-una-vuelta-al-mundo\/preparativos\/#breadcrumb\",\"itemListElement\":[{\"@type\":\"ListItem\",\"position\":1,\"name\":\"Home\",\"item\":\"https:\/\/999millas.net\/\"},{\"@type\":\"ListItem\",\"position\":2,\"name\":\"Preparar una Vuelta al Mundo\",\"item\":\"https:\/\/999millas.net\/preparar-una-vuelta-al-mundo\/\"},{\"@type\":\"ListItem\",\"position\":3,\"name\":\"Preparativos\"}]},{\"@type\":\"WebSite\",\"@id\":\"https:\/\/999millas.net\/#website\",\"url\":\"https:\/\/999millas.net\/\",\"name\":\"999 Millas\",\"description\":\"La Vuelta al Mundo en Low Cost\",\"publisher\":{\"@id\":\"https:\/\/999millas.net\/#\/schema\/person\/b524a24b59fab0e7a10b430add8f04e4\"},\"potentialAction\":[{\"@type\":\"SearchAction\",\"target\":{\"@type\":\"EntryPoint\",\"urlTemplate\":\"https:\/\/999millas.net\/?s={search_term_string}\"},\"query-input\":{\"@type\":\"PropertyValueSpecification\",\"valueRequired\":true,\"valueName\":\"search_term_string\"}}],\"inLanguage\":\"en-US\"},{\"@type\":[\"Person\",\"Organization\"],\"@id\":\"https:\/\/999millas.net\/#\/schema\/person\/b524a24b59fab0e7a10b430add8f04e4\",\"name\":\"Mike !\",\"image\":{\"@type\":\"ImageObject\",\"inLanguage\":\"en-US\",\"@id\":\"https:\/\/i0.wp.com\/999millas.net\/wp-content\/uploads\/2025\/03\/Logo-4.png?fit=172%2C209&ssl=1\",\"url\":\"https:\/\/i0.wp.com\/999millas.net\/wp-content\/uploads\/2025\/03\/Logo-4.png?fit=172%2C209&ssl=1\",\"contentUrl\":\"https:\/\/i0.wp.com\/999millas.net\/wp-content\/uploads\/2025\/03\/Logo-4.png?fit=172%2C209&ssl=1\",\"width\":172,\"height\":209,\"caption\":\"Mike !\"},\"logo\":{\"@id\":\"https:\/\/i0.wp.com\/999millas.net\/wp-content\/uploads\/2025\/03\/Logo-4.png?fit=172%2C209&ssl=1\"},\"sameAs\":[\"999millas\",\"https:\/\/x.com\/999millas\"]}]}<\/script>\n<!-- \/ Yoast SEO plugin. -->","yoast_head_json":{"title":"Preparativos - 999 Millas","robots":{"index":"index","follow":"follow","max-snippet":"max-snippet:-1","max-image-preview":"max-image-preview:large","max-video-preview":"max-video-preview:-1"},"canonical":"https:\/\/999millas.net\/en\/preparar-una-vuelta-al-mundo\/preparativos\/","og_locale":"en_US","og_type":"article","og_title":"Preparativos - 999 Millas","og_description":"Preparativos para dejarlo todo e irnos de viaje&#8230;no es f\u00e1cil organizarse para dejar todo arreglado para tu salida (y para tu vuelta). Aqu\u00ed os dejo algunos consejos IMPUESTOS Y BANCOS Aunque t\u00fa te olvides de Hacienda y de los bancos en tu viaje , estos no se van a olvidar de ti&#8230; Hay impuestos que [&hellip;]","og_url":"https:\/\/999millas.net\/en\/preparar-una-vuelta-al-mundo\/preparativos\/","og_site_name":"999 Millas","article_modified_time":"2016-11-15T10:32:12+00:00","twitter_card":"summary_large_image","twitter_site":"@999millas","twitter_misc":{"Est. reading time":"4 minutes"},"schema":{"@context":"https:\/\/schema.org","@graph":[{"@type":"WebPage","@id":"https:\/\/999millas.net\/preparar-una-vuelta-al-mundo\/preparativos\/","url":"https:\/\/999millas.net\/preparar-una-vuelta-al-mundo\/preparativos\/","name":"Preparativos - 999 Millas","isPartOf":{"@id":"https:\/\/999millas.net\/#website"},"datePublished":"2015-12-16T18:49:53+00:00","dateModified":"2016-11-15T10:32:12+00:00","breadcrumb":{"@id":"https:\/\/999millas.net\/preparar-una-vuelta-al-mundo\/preparativos\/#breadcrumb"},"inLanguage":"en-US","potentialAction":[{"@type":"ReadAction","target":["https:\/\/999millas.net\/preparar-una-vuelta-al-mundo\/preparativos\/"]}]},{"@type":"BreadcrumbList","@id":"https:\/\/999millas.net\/preparar-una-vuelta-al-mundo\/preparativos\/#breadcrumb","itemListElement":[{"@type":"ListItem","position":1,"name":"Home","item":"https:\/\/999millas.net\/"},{"@type":"ListItem","position":2,"name":"Preparar una Vuelta al Mundo","item":"https:\/\/999millas.net\/preparar-una-vuelta-al-mundo\/"},{"@type":"ListItem","position":3,"name":"Preparativos"}]},{"@type":"WebSite","@id":"https:\/\/999millas.net\/#website","url":"https:\/\/999millas.net\/","name":"999 Millas","description":"La Vuelta al Mundo en Low Cost","publisher":{"@id":"https:\/\/999millas.net\/#\/schema\/person\/b524a24b59fab0e7a10b430add8f04e4"},"potentialAction":[{"@type":"SearchAction","target":{"@type":"EntryPoint","urlTemplate":"https:\/\/999millas.net\/?s={search_term_string}"},"query-input":{"@type":"PropertyValueSpecification","valueRequired":true,"valueName":"search_term_string"}}],"inLanguage":"en-US"},{"@type":["Person","Organization"],"@id":"https:\/\/999millas.net\/#\/schema\/person\/b524a24b59fab0e7a10b430add8f04e4","name":"Mike !","image":{"@type":"ImageObject","inLanguage":"en-US","@id":"https:\/\/i0.wp.com\/999millas.net\/wp-content\/uploads\/2025\/03\/Logo-4.png?fit=172%2C209&ssl=1","url":"https:\/\/i0.wp.com\/999millas.net\/wp-content\/uploads\/2025\/03\/Logo-4.png?fit=172%2C209&ssl=1","contentUrl":"https:\/\/i0.wp.com\/999millas.net\/wp-content\/uploads\/2025\/03\/Logo-4.png?fit=172%2C209&ssl=1","width":172,"height":209,"caption":"Mike !"},"logo":{"@id":"https:\/\/i0.wp.com\/999millas.net\/wp-content\/uploads\/2025\/03\/Logo-4.png?fit=172%2C209&ssl=1"},"sameAs":["999millas","https:\/\/x.com\/999millas"]}]}},"jetpack_sharing_enabled":true,"jetpack_shortlink":"https:\/\/wp.me\/P6SJpy-4J","jetpack-related-posts":[{"id":4,"url":"https:\/\/999millas.net\/en\/about-me\/","url_meta":{"origin":293,"position":0},"title":"Sobre m\u00ed","author":"Mike !","date":"October 25, 2015","format":false,"excerpt":"\u00a0\u00bfPorqu\u00e9 dar la vuelta al mundo en plan low cost? Por dinero, esa es la respuesta sencilla. Pero hay m\u00e1s. Viajar en low cost multiplica tus posibilidades de vivir aventuras, conocer la cultura y a la gente local y llevarte a casa recuerdos imborrables que viajando en un tour no\u2026","rel":"","context":"Similar post","block_context":{"text":"Similar post","link":""},"img":{"alt_text":"","src":"https:\/\/i0.wp.com\/999millas.net\/wp-content\/uploads\/2025\/01\/yo-con-ninos.jpg?resize=350%2C200&ssl=1","width":350,"height":200,"srcset":"https:\/\/i0.wp.com\/999millas.net\/wp-content\/uploads\/2025\/01\/yo-con-ninos.jpg?resize=350%2C200&ssl=1 1x, https:\/\/i0.wp.com\/999millas.net\/wp-content\/uploads\/2025\/01\/yo-con-ninos.jpg?resize=525%2C300&ssl=1 1.5x, https:\/\/i0.wp.com\/999millas.net\/wp-content\/uploads\/2025\/01\/yo-con-ninos.jpg?resize=700%2C400&ssl=1 2x"},"classes":[]},{"id":1233,"url":"https:\/\/999millas.net\/en\/preparar-una-vuelta-al-mundo\/mi-equipo\/","url_meta":{"origin":293,"position":1},"title":"Mi equipo","author":"Mike !","date":"November 15, 2016","format":false,"excerpt":"Cuando voy a estar 11-12 meses recorriendo el mundo sin pasar por casa...\u00bfqu\u00e9 debo llevarme? Esta es la descripci\u00f3n del equipo que voy a llevar en mi segunda vuelta al mundo ; respecto de la primera s\u00f3lo he a\u00f1adido algunas cosas para camping\/trekking\u00a0 : MOCHILA GRANDE : +-13 Kg 1.-\u2026","rel":"","context":"Similar post","block_context":{"text":"Similar post","link":""},"img":{"alt_text":"","src":"https:\/\/i0.wp.com\/999millas.net\/wp-content\/uploads\/2016\/11\/IMG_0281.jpg?fit=1200%2C896&ssl=1&resize=350%2C200","width":350,"height":200,"srcset":"https:\/\/i0.wp.com\/999millas.net\/wp-content\/uploads\/2016\/11\/IMG_0281.jpg?fit=1200%2C896&ssl=1&resize=350%2C200 1x, https:\/\/i0.wp.com\/999millas.net\/wp-content\/uploads\/2016\/11\/IMG_0281.jpg?fit=1200%2C896&ssl=1&resize=525%2C300 1.5x, https:\/\/i0.wp.com\/999millas.net\/wp-content\/uploads\/2016\/11\/IMG_0281.jpg?fit=1200%2C896&ssl=1&resize=700%2C400 2x, https:\/\/i0.wp.com\/999millas.net\/wp-content\/uploads\/2016\/11\/IMG_0281.jpg?fit=1200%2C896&ssl=1&resize=1050%2C600 3x"},"classes":[]},{"id":266,"url":"https:\/\/999millas.net\/en\/preparar-una-vuelta-al-mundo\/billete-de-avion-round-the-world\/","url_meta":{"origin":293,"position":2},"title":"Billetes de avi\u00f3n Round-The-World","author":"Mike !","date":"December 8, 2015","format":false,"excerpt":"Quieres sacar un billete de avion round-the-world y no sabes por donde empezar...no pasa nada, aqu\u00ed estoy yo :) Hay dos maneras de sacar un vuelo-alrededor-del-mundo (en ingles , RTW ticket): directamente a trav\u00e9s de una compa\u00f1\u00eda a\u00e9rea o a trav\u00e9s de una agencia especializada. Aqu\u00ed os comentar\u00e9 mi experiencia\u2026","rel":"","context":"Similar post","block_context":{"text":"Similar post","link":""},"img":{"alt_text":"","src":"","width":0,"height":0},"classes":[]},{"id":273,"url":"https:\/\/999millas.net\/en\/preparar-una-vuelta-al-mundo\/apps-utiles\/","url_meta":{"origin":293,"position":3},"title":"Apps \u00fatiles","author":"Mike !","date":"December 8, 2015","format":false,"excerpt":"Apps \u00fatiles para viajar o simplemente divertidas : ORIENTACION 1.- Maps.me : como el Google Maps y tambi\u00e9n funciona off line 2.- Wikiloc : Busca (o graba) tus rutas de senderismo 3.- Commander Compass : M\u00e1s que una br\u00fajula , con GPS , mapas , girocompas.... - ALOJAMIENTO 1.- Couchsurfing\u2026","rel":"","context":"Similar post","block_context":{"text":"Similar post","link":""},"img":{"alt_text":"","src":"","width":0,"height":0},"classes":[]}],"_links":{"self":[{"href":"https:\/\/999millas.net\/en\/wp-json\/wp\/v2\/pages\/293","targetHints":{"allow":["GET"]}}],"collection":[{"href":"https:\/\/999millas.net\/en\/wp-json\/wp\/v2\/pages"}],"about":[{"href":"https:\/\/999millas.net\/en\/wp-json\/wp\/v2\/types\/page"}],"author":[{"embeddable":true,"href":"https:\/\/999millas.net\/en\/wp-json\/wp\/v2\/users\/1"}],"replies":[{"embeddable":true,"href":"https:\/\/999millas.net\/en\/wp-json\/wp\/v2\/comments?post=293"}],"version-history":[{"count":0,"href":"https:\/\/999millas.net\/en\/wp-json\/wp\/v2\/pages\/293\/revisions"}],"up":[{"embeddable":true,"href":"https:\/\/999millas.net\/en\/wp-json\/wp\/v2\/pages\/263"}],"wp:attachment":[{"href":"https:\/\/999millas.net\/en\/wp-json\/wp\/v2\/media?parent=293"}],"curies":[{"name":"wp","href":"https:\/\/api.w.org\/{rel}","templated":true}]}}